{"id":405,"date":"2021-07-15T15:03:37","date_gmt":"2021-07-15T13:03:37","guid":{"rendered":"http:\/\/www.bymar-park.com\/?page_id=405"},"modified":"2023-11-17T13:42:08","modified_gmt":"2023-11-17T12:42:08","slug":"cookies","status":"publish","type":"page","link":"https:\/\/www.bymar-park.com\/ca\/cookies\/","title":{"rendered":"Pol\u00edtica de cookies"},"content":{"rendered":"\n<p>Aquesta p\u00e0gina web utilitza cookies t\u00e8cniques, de personalitzaci\u00f3, d&#8217;an\u00e0lisi i publicit\u00e0ries, pr\u00f2pies i de tercers, que en cap cas no tracten dades de car\u00e0cter personal, per\u00f2 capten h\u00e0bits de navegaci\u00f3 per a finalitats estad\u00edstiques i publicit\u00e0ries.<\/p>\n\n<p>Per aix\u00f2, en accedir a la nostra web, en compliment de l&#8217;article 22 de la Llei de Serveis de la Societat de la Informaci\u00f3, en tractar cookies d&#8217;an\u00e0lisi i publicit\u00e0ries, us hem sol\u00b7licitat el vostre consentiment per al seu \u00fas i facilitada informaci\u00f3 d&#8217;aquestes, que en tot cas s&#8217;instal\u00b7laran passat un termini de temps prudencial perqu\u00e8 l&#8217;usuari tingui temps de decidir prestar el consentiment o no.<\/p>\n","protected":false},"excerpt":{"rendered":"<p>Aquesta p\u00e0gina web utilitza cookies t\u00e8cniques, de personalitzaci\u00f3, d&#8217;an\u00e0lisi i publicit\u00e0ries, pr\u00f2pies i de tercers, que en cap cas no tracten dades de car\u00e0cter personal, per\u00f2 capten h\u00e0bits de navegaci\u00f3 per a finalitats estad\u00edstiques i publicit\u00e0ries. Per aix\u00f2, en accedir a la nostra web, en compliment de l&#8217;article 22 de la Llei de Serveis de [&hellip;]<\/p>\n","protected":false},"author":1,"featured_media":0,"parent":0,"menu_order":0,"comment_status":"closed","ping_status":"closed","template":"templates\/legal.php","meta":{"_acf_changed":false,"_monsterinsights_skip_tracking":false,"_monsterinsights_sitenote_active":false,"_monsterinsights_sitenote_note":"","_monsterinsights_sitenote_category":0,"footnotes":""},"class_list":["post-405","page","type-page","status-publish","hentry"],"acf":[],"yoast_head":"<!-- This site is optimized with the Yoast SEO plugin v27.4 - https:\/\/yoast.com\/product\/yoast-seo-wordpress\/ -->\n<title>Pol\u00edtica de cookies - Bymar Park<\/title>\n<meta name=\"robots\" content=\"index, follow, max-snippet:-1, max-image-preview:large, max-video-preview:-1\" \/>\n<link rel=\"canonical\" href=\"https:\/\/www.bymar-park.com\/ca\/cookies\/\" \/>\n<meta property=\"og:locale\" content=\"ca_ES\" \/>\n<meta property=\"og:type\" content=\"article\" \/>\n<meta property=\"og:title\" content=\"Pol\u00edtica de cookies - Bymar Park\" \/>\n<meta property=\"og:description\" content=\"Aquesta p\u00e0gina web utilitza cookies t\u00e8cniques, de personalitzaci\u00f3, d&#8217;an\u00e0lisi i publicit\u00e0ries, pr\u00f2pies i de tercers, que en cap cas no tracten dades de car\u00e0cter personal, per\u00f2 capten h\u00e0bits de navegaci\u00f3 per a finalitats estad\u00edstiques i publicit\u00e0ries. Per aix\u00f2, en accedir a la nostra web, en compliment de l&#8217;article 22 de la Llei de Serveis de [&hellip;]\" \/>\n<meta property=\"og:url\" content=\"https:\/\/www.bymar-park.com\/ca\/cookies\/\" \/>\n<meta property=\"og:site_name\" content=\"Bymar Park\" \/>\n<meta property=\"article:modified_time\" content=\"2023-11-17T12:42:08+00:00\" \/>\n<meta name=\"twitter:card\" content=\"summary_large_image\" \/>\n<meta name=\"twitter:label1\" content=\"Temps estimat de lectura\" \/>\n\t<meta name=\"twitter:data1\" content=\"1 minut\" \/>\n<script type=\"application\/ld+json\" class=\"yoast-schema-graph\">{\"@context\":\"https:\\\/\\\/schema.org\",\"@graph\":[{\"@type\":\"WebPage\",\"@id\":\"https:\\\/\\\/www.bymar-park.com\\\/ca\\\/cookies\\\/\",\"url\":\"https:\\\/\\\/www.bymar-park.com\\\/ca\\\/cookies\\\/\",\"name\":\"Pol\u00edtica de cookies - Bymar Park\",\"isPartOf\":{\"@id\":\"https:\\\/\\\/www.bymar-park.com\\\/ca\\\/#website\"},\"datePublished\":\"2021-07-15T13:03:37+00:00\",\"dateModified\":\"2023-11-17T12:42:08+00:00\",\"breadcrumb\":{\"@id\":\"https:\\\/\\\/www.bymar-park.com\\\/ca\\\/cookies\\\/#breadcrumb\"},\"inLanguage\":\"ca\",\"potentialAction\":[{\"@type\":\"ReadAction\",\"target\":[\"https:\\\/\\\/www.bymar-park.com\\\/ca\\\/cookies\\\/\"]}]},{\"@type\":\"BreadcrumbList\",\"@id\":\"https:\\\/\\\/www.bymar-park.com\\\/ca\\\/cookies\\\/#breadcrumb\",\"itemListElement\":[{\"@type\":\"ListItem\",\"position\":1,\"name\":\"Inicio\",\"item\":\"https:\\\/\\\/www.bymar-park.com\\\/ca\\\/\"},{\"@type\":\"ListItem\",\"position\":2,\"name\":\"Pol\u00edtica de cookies\"}]},{\"@type\":\"WebSite\",\"@id\":\"https:\\\/\\\/www.bymar-park.com\\\/ca\\\/#website\",\"url\":\"https:\\\/\\\/www.bymar-park.com\\\/ca\\\/\",\"name\":\"Bymar Park\",\"description\":\"Tecnologia al parking\",\"publisher\":{\"@id\":\"https:\\\/\\\/www.bymar-park.com\\\/ca\\\/#organization\"},\"potentialAction\":[{\"@type\":\"SearchAction\",\"target\":{\"@type\":\"EntryPoint\",\"urlTemplate\":\"https:\\\/\\\/www.bymar-park.com\\\/ca\\\/?s={search_term_string}\"},\"query-input\":{\"@type\":\"PropertyValueSpecification\",\"valueRequired\":true,\"valueName\":\"search_term_string\"}}],\"inLanguage\":\"ca\"},{\"@type\":\"Organization\",\"@id\":\"https:\\\/\\\/www.bymar-park.com\\\/ca\\\/#organization\",\"name\":\"Bymar Park S.L.\",\"url\":\"https:\\\/\\\/www.bymar-park.com\\\/ca\\\/\",\"logo\":{\"@type\":\"ImageObject\",\"inLanguage\":\"ca\",\"@id\":\"https:\\\/\\\/www.bymar-park.com\\\/ca\\\/#\\\/schema\\\/logo\\\/image\\\/\",\"url\":\"https:\\\/\\\/www.bymar-park.com\\\/wp-content\\\/uploads\\\/2021\\\/04\\\/bymar-park-logo.png\",\"contentUrl\":\"https:\\\/\\\/www.bymar-park.com\\\/wp-content\\\/uploads\\\/2021\\\/04\\\/bymar-park-logo.png\",\"width\":442,\"height\":442,\"caption\":\"Bymar Park S.L.\"},\"image\":{\"@id\":\"https:\\\/\\\/www.bymar-park.com\\\/ca\\\/#\\\/schema\\\/logo\\\/image\\\/\"}}]}<\/script>\n<!-- \/ Yoast SEO plugin. -->","yoast_head_json":{"title":"Pol\u00edtica de cookies - Bymar Park","robots":{"index":"index","follow":"follow","max-snippet":"max-snippet:-1","max-image-preview":"max-image-preview:large","max-video-preview":"max-video-preview:-1"},"canonical":"https:\/\/www.bymar-park.com\/ca\/cookies\/","og_locale":"ca_ES","og_type":"article","og_title":"Pol\u00edtica de cookies - Bymar Park","og_description":"Aquesta p\u00e0gina web utilitza cookies t\u00e8cniques, de personalitzaci\u00f3, d&#8217;an\u00e0lisi i publicit\u00e0ries, pr\u00f2pies i de tercers, que en cap cas no tracten dades de car\u00e0cter personal, per\u00f2 capten h\u00e0bits de navegaci\u00f3 per a finalitats estad\u00edstiques i publicit\u00e0ries. Per aix\u00f2, en accedir a la nostra web, en compliment de l&#8217;article 22 de la Llei de Serveis de [&hellip;]","og_url":"https:\/\/www.bymar-park.com\/ca\/cookies\/","og_site_name":"Bymar Park","article_modified_time":"2023-11-17T12:42:08+00:00","twitter_card":"summary_large_image","twitter_misc":{"Temps estimat de lectura":"1 minut"},"schema":{"@context":"https:\/\/schema.org","@graph":[{"@type":"WebPage","@id":"https:\/\/www.bymar-park.com\/ca\/cookies\/","url":"https:\/\/www.bymar-park.com\/ca\/cookies\/","name":"Pol\u00edtica de cookies - Bymar Park","isPartOf":{"@id":"https:\/\/www.bymar-park.com\/ca\/#website"},"datePublished":"2021-07-15T13:03:37+00:00","dateModified":"2023-11-17T12:42:08+00:00","breadcrumb":{"@id":"https:\/\/www.bymar-park.com\/ca\/cookies\/#breadcrumb"},"inLanguage":"ca","potentialAction":[{"@type":"ReadAction","target":["https:\/\/www.bymar-park.com\/ca\/cookies\/"]}]},{"@type":"BreadcrumbList","@id":"https:\/\/www.bymar-park.com\/ca\/cookies\/#breadcrumb","itemListElement":[{"@type":"ListItem","position":1,"name":"Inicio","item":"https:\/\/www.bymar-park.com\/ca\/"},{"@type":"ListItem","position":2,"name":"Pol\u00edtica de cookies"}]},{"@type":"WebSite","@id":"https:\/\/www.bymar-park.com\/ca\/#website","url":"https:\/\/www.bymar-park.com\/ca\/","name":"Bymar Park","description":"Tecnologia al parking","publisher":{"@id":"https:\/\/www.bymar-park.com\/ca\/#organization"},"potentialAction":[{"@type":"SearchAction","target":{"@type":"EntryPoint","urlTemplate":"https:\/\/www.bymar-park.com\/ca\/?s={search_term_string}"},"query-input":{"@type":"PropertyValueSpecification","valueRequired":true,"valueName":"search_term_string"}}],"inLanguage":"ca"},{"@type":"Organization","@id":"https:\/\/www.bymar-park.com\/ca\/#organization","name":"Bymar Park S.L.","url":"https:\/\/www.bymar-park.com\/ca\/","logo":{"@type":"ImageObject","inLanguage":"ca","@id":"https:\/\/www.bymar-park.com\/ca\/#\/schema\/logo\/image\/","url":"https:\/\/www.bymar-park.com\/wp-content\/uploads\/2021\/04\/bymar-park-logo.png","contentUrl":"https:\/\/www.bymar-park.com\/wp-content\/uploads\/2021\/04\/bymar-park-logo.png","width":442,"height":442,"caption":"Bymar Park S.L."},"image":{"@id":"https:\/\/www.bymar-park.com\/ca\/#\/schema\/logo\/image\/"}}]}},"_links":{"self":[{"href":"https:\/\/www.bymar-park.com\/ca\/wp-json\/wp\/v2\/pages\/405","targetHints":{"allow":["GET"]}}],"collection":[{"href":"https:\/\/www.bymar-park.com\/ca\/wp-json\/wp\/v2\/pages"}],"about":[{"href":"https:\/\/www.bymar-park.com\/ca\/wp-json\/wp\/v2\/types\/page"}],"author":[{"embeddable":true,"href":"https:\/\/www.bymar-park.com\/ca\/wp-json\/wp\/v2\/users\/1"}],"replies":[{"embeddable":true,"href":"https:\/\/www.bymar-park.com\/ca\/wp-json\/wp\/v2\/comments?post=405"}],"version-history":[{"count":8,"href":"https:\/\/www.bymar-park.com\/ca\/wp-json\/wp\/v2\/pages\/405\/revisions"}],"predecessor-version":[{"id":3236,"href":"https:\/\/www.bymar-park.com\/ca\/wp-json\/wp\/v2\/pages\/405\/revisions\/3236"}],"wp:attachment":[{"href":"https:\/\/www.bymar-park.com\/ca\/wp-json\/wp\/v2\/media?parent=405"}],"curies":[{"name":"wp","href":"https:\/\/api.w.org\/{rel}","templated":true}]}}