{"id":401,"date":"2021-07-15T15:02:03","date_gmt":"2021-07-15T13:02:03","guid":{"rendered":"http:\/\/www.bymar-park.com\/?page_id=401"},"modified":"2022-06-10T01:09:23","modified_gmt":"2022-06-09T23:09:23","slug":"avis-legal","status":"publish","type":"page","link":"https:\/\/www.bymar-park.com\/ca\/avis-legal\/","title":{"rendered":"Av\u00eds legal"},"content":{"rendered":"\n<p>Aquesta p\u00e0gina Web \u00e9s propietat de BYMAR-PARK S.L. (d&#8217;ara endavant BYMAR-PARK), amb NIF n\u00fam. B61748844 i domicili a Sant Adri\u00e0 del Bes\u00f2s, C\/Joan Mir\u00f3 13, C.P. 08930 de Sant Adri\u00e0 del Bes\u00f2s (Barcelona) i inscrita al Registre Mercantil de Barcelona al tom 31178, foli 138 inscripci\u00f3 1r full B189470 Sec. Gral.<\/p>\n\n<p>Per a qualsevol consulta o proposta, contacteu-nos trucant al tel\u00e8fon + 34 93 460 09 79 oa l&#8217;e-mail RGPD@bymar-park.com.<\/p>\n\n<p>Aquesta p\u00e0gina web es regeix per la normativa exclusivament aplicable a Espanya, quedant-hi sotmesa, tant nacionals com estrangers que utilitzin aquesta web.<\/p>\n\n<p>L&#8217;acc\u00e9s a la nostra p\u00e0gina web per part de l&#8217;USUARI \u00e9s gratu\u00eft i est\u00e0 condicionat a la lectura i acceptaci\u00f3 pr\u00e8via \u00cdntegra, expressa i sense reserves de les presents CONDICIONS GENERALS D&#8217;\u00daS vigents en el moment de l&#8217;acc\u00e9s, que preguem llegiu detingudament. L&#8217;USUARI en el moment que utilitza el nostre portal, els seus continguts o serveis, accepta i se sotmet expressament a les condicions generals d&#8217;\u00fas. Si l&#8217;usuari no est\u00e0 d&#8217;acord amb aquestes condicions d&#8217;\u00fas, cal abstenir-se d&#8217;utilitzar aquest portal i operar-hi.<\/p>\n\n<p>El subministrament de dades personals a trav\u00e9s del nostre portal requereix una edat m\u00ednima de 14 anys, o si escau, disposar de capacitat jur\u00eddica suficient per contractar.<\/p>\n\n<p>En qualsevol moment podrem modificar la presentaci\u00f3 i configuraci\u00f3 de la nostra Web, ampliar o reduir serveis, i fins i tot suprimir-la de la Xarxa, aix\u00ed com els serveis i continguts prestats, tot aix\u00f2 de forma unilateral i sense av\u00eds previ.<\/p>\n\n<h2 class=\"wp-block-heading\">A. Propietat intel\u00b7lectual<\/h2>\n\n<p>Tots els continguts, textos, imatges i codis font s\u00f3n propietat de BYMAR PARK o de tercers als quals s&#8217;han adquirit els seus drets d&#8217;explotaci\u00f3 i estan protegits pels drets de propietat intel\u00b7lectual i industrial.<\/p>\n\n<p>L&#8217;usuari \u00fanicament t\u00e9 dret a un \u00fas privat dels mateixos, sense \u00e0nim de lucre, i necessita autoritzaci\u00f3 expressa per modificar-los, reproduir-los, explotar-los, distribuir-los o exercir qualsevol dret pertanyent al titular.<\/p>\n\n<p>BYMAR PARK \u00e9s una marca registrada, i est\u00e0 prohibida la seva reproducci\u00f3, imitaci\u00f3, utilitzaci\u00f3 o inserci\u00f3 d&#8217;aquestes marques sense la nostra autoritzaci\u00f3.<\/p>\n\n<p>L&#8217;establiment d&#8217;enlla\u00e7os al nostre portal no hi confereix cap dret. Aix\u00ed mateix, el simple fet destablir un enlla\u00e7 a la nostra p\u00e0gina web no d\u00f3na dret a atorgar-se la categoria de col\u00b7laborador o soci.<\/p>\n\n<p>BYMAR PARK queda exonerat de responsabilitat per qualsevol reclamaci\u00f3 respecte als drets de propietat intel\u00b7lectual dels articles i imatges publicades per tercers al portal.<\/p>\n\n<p>Est\u00e0 absolutament prohibida la imitaci\u00f3 ja sigui total o parcial del nostre portal.<\/p>\n\n<h2 class=\"wp-block-heading\">B. Condicions d&#8217;acc\u00e9s i \u00fas<\/h2>\n\n<p>L&#8217;acc\u00e9s a la nostra p\u00e0gina web \u00e9s gratu\u00eft i no exigeix \u200b\u200bsubscripci\u00f3 o registre previ.<\/p>\n\n<p>L&#8217;usuari ha d&#8217;accedir a la nostra p\u00e0gina web d&#8217;acord amb la bona fe, les normes d&#8217;ordre p\u00fablic i les presents Condicions Generals d&#8217;\u00fas. L&#8217;acc\u00e9s al nostre lloc web es realitza sota la pr\u00f2pia i exclusiva responsabilitat de l&#8217;usuari, que respondr\u00e0 en tot cas dels danys i perjudicis que pugui causar a tercers o nosaltres mateixos.<\/p>\n\n<p>L&#8217;usuari t\u00e9 expressament prohibida la utilitzaci\u00f3 i l&#8217;obtenci\u00f3 dels serveis i continguts oferts a la present p\u00e0gina web, per procediments diferents dels estipulats en aquestes condicions d&#8217;\u00fas.<\/p>\n\n<p>L&#8217;USUARI t\u00e9 prohibit qualsevol tipus d&#8217;acci\u00f3 sobre el nostre portal que origini una excessiva sobrec\u00e0rrega de funcionament als nostres sistemes inform\u00e0tics, aix\u00ed com la introducci\u00f3 de virus, o instal\u00b7laci\u00f3 de robots, o programari que alteri el funcionament normal del nostre web, o en definitiva pugui causar danys als nostres sistemes inform\u00e0tics.<\/p>\n\n<p>Tenint en compte la impossibilitat de control respecte a la informaci\u00f3, continguts i serveis que continguin altres p\u00e0gines web als quals es pugui accedir a trav\u00e9s dels enlla\u00e7os que la nostra p\u00e0gina web pugui posar a la seva disposici\u00f3, us comuniquem que BYMAR PARK, queda eximida de qualsevol responsabilitat pels danys i perjudicis de tota mena que poguessin derivar per la utilitzaci\u00f3 d&#8217;aquestes p\u00e0gines web, alienes a la nostra empresa, per part de l&#8217;usuari.<\/p>\n\n<p>BYMAR PARK es reserva el dret unilateral i sense preav\u00eds de donar de baixa qualsevol USUARI que l&#8217;organitzaci\u00f3 entengui que ha vulnerat les condicions que regeixen l&#8217;\u00fas de la nostra p\u00e0gina web, sense que l&#8217;USUARI tingui dret a reclamaci\u00f3 de cap tipus per aquest tipus de accions. Aix\u00ed mateix, es reserva el dret d&#8217;exercitar les accions legals oportunes contra aquells que vulnerin les presents condicions generals d&#8217;\u00fas, acceptant l&#8217;USUARI que la no iniciaci\u00f3 d&#8217;aquestes accions no constitueix una ren\u00fancia formal a les mateixes, i romanen vigents fins als terminis legals de prescripci\u00f3 de les infraccions.<\/p>\n\n<h2 class=\"wp-block-heading\">C. Pol\u00edtica de privadesa<\/h2>\n\n<p>La confidencialitat i la seguretat s\u00f3n valors primordials de BYMAR PARK i, en conseq\u00fc\u00e8ncia, assumim el comprom\u00eds de garantir la privadesa de l&#8217;Usuari en tot moment i de no demanar informaci\u00f3 innecess\u00e0ria.<\/p>\n\n<p>El subministrament de dades personals a trav\u00e9s del nostre portal requereix una edat m\u00ednima de 14 anys i l&#8217;acceptaci\u00f3 expressa de la nostra Pol\u00edtica de Privadesa.<\/p>\n\n<h2 class=\"wp-block-heading\">D. Responsabilitats<\/h2>\n\n<p>En posar a disposici\u00f3 de l&#8217;usuari aquesta p\u00e0gina web volem oferir-vos un servei de qualitat, utilitzant la m\u00e0xima dilig\u00e8ncia en la prestaci\u00f3 d&#8217;aquest, aix\u00ed com en els mitjans tecnol\u00f2gics utilitzats. Tot i aix\u00f2, no respondrem de la pres\u00e8ncia de virus i altres elements que d&#8217;alguna manera puguin danyar el sistema inform\u00e0tic de l&#8217;usuari.<\/p>\n\n<p>BYMAR PARK no garanteix que la disponibilitat del servei sigui cont\u00ednua i ininterrompuda, per circumst\u00e0ncies originades per problemes a la xarxa d&#8217;Internet, avaries als dispositius inform\u00e0tics o altres circumst\u00e0ncies imprevisibles, de manera que l&#8217;USUARI accepta suportar dins d&#8217;uns l\u00edmits raonables aquestes circumst\u00e0ncies, per la qual cosa renuncia expressament a reclamar a BYMAR PARK qualsevol responsabilitat per les possibles fallades, errors i \u00fas del servei.<\/p>\n\n<p>L&#8217;USUARI assumeix tota la responsabilitat derivada de l&#8217;\u00fas de la nostra p\u00e0gina web, essent l&#8217;\u00fanic responsable de tot efecte directe o indirecte que sobre la p\u00e0gina web es derivi, incloent-hi, de forma enunciativa i no limitativa, tot resultat econ\u00f2mic, t\u00e8cnic i\/o jur\u00eddic advers, aix\u00ed com la defraudaci\u00f3 de les expectatives generades pel nostre portal, obligant-se l&#8217;usuari a mantenir indemne BYMAR PARK per qualssevol reclamacions derivades, directament o indirectament d&#8217;aquests fets.<\/p>\n\n<p>BYMAR PARK no garanteix l&#8217;exactitud, la veracitat i la vig\u00e8ncia dels continguts d&#8217;aquesta p\u00e0gina web, ja siguin propis, de tercers, o enlla\u00e7ables a altres webs, quedant totalment exonerada de qualsevol responsabilitat derivada de l&#8217;\u00fas d&#8217;aquests.<\/p>\n\n<p>BYMAR PARK queda exonerada de qualsevol responsabilitat derivada de qualsevol reclamaci\u00f3, incl\u00f2s el pagament d&#8217;honoraris a advocats, per les demandes i reclamacions originades per tercers per l&#8217;incompliment per part de l&#8217;USUARI de les nostres condicions d&#8217;\u00fas, acc\u00e9s i pol\u00edtica de privadesa, o qualsevol altra reclamaci\u00f3 per l&#8217;incompliment de la legislaci\u00f3 vigent.El USUARIO reconoce que ha entendido toda la informaci\u00f3n respecto a las condiciones de uso de nuestro portal, y reconoce que son suficientes para la exclusi\u00f3n del error en las mismas, y por lo tanto, las acepta integra y expresamente.<\/p>\n\n<p>L&#8217;USUARI \u00e9s plenament conscient que la mera navegaci\u00f3 per aquesta p\u00e0gina web, aix\u00ed com la utilitzaci\u00f3 dels seus serveis, implica l&#8217;acceptaci\u00f3 d&#8217;aquestes condicions d&#8217;\u00fas.<\/p>\n\n<p>Tot el que fa refer\u00e8ncia a la nostra p\u00e0gina web, es regeix exclusivament per les lleis espanyoles. En el cas que es produeixi qualsevol tipus de discrep\u00e0ncia o difer\u00e8ncia entre les parts en relaci\u00f3 amb la interpretaci\u00f3 i el contingut de la present p\u00e0gina web, totes les parts se sotmeten, amb ren\u00fancia expressa a qualsevol altre fur, als Jutjats i Tribunals de Barcelona .<\/p>\n\n<h2 class=\"wp-block-heading\">E. Vig\u00e8ncia de les condicions generals d&#8217;acc\u00e9s a la web<\/h2>\n\n<p>Aquestes Condicions Generals d&#8217;\u00das han estat modificades amb data 23\/09\/2019. En qualsevol moment podem procedir a la seva modificaci\u00f3: si us plau, comproveu la data d&#8217;emissi\u00f3 en cada ocasi\u00f3 en qu\u00e8 es connecti a la nostra p\u00e0gina web i aix\u00ed tindr\u00e0 la certesa que no s&#8217;ha produ\u00eft cap modificaci\u00f3 que l&#8217;afecti.<\/p>\n\n<p>Per a qualsevol q\u00fcesti\u00f3 respecte a les Condicions d&#8217;\u00das de la nostra p\u00e0gina web, podeu posar-vos en contacte amb nosaltres en les dades a dalt indicades, o amb Lant Advocats a info@lant-abogados.com oa www.lant-abogados.com.<\/p>\n","protected":false},"excerpt":{"rendered":"<p>Aquesta p\u00e0gina Web \u00e9s propietat de BYMAR-PARK S.L. (d&#8217;ara endavant BYMAR-PARK), amb NIF n\u00fam. B61748844 i domicili a Sant Adri\u00e0 del Bes\u00f2s, C\/Joan Mir\u00f3 13, C.P. 08930 de Sant Adri\u00e0 del Bes\u00f2s (Barcelona) i inscrita al Registre Mercantil de Barcelona al tom 31178, foli 138 inscripci\u00f3 1r full B189470 Sec. Gral. Per a qualsevol consulta [&hellip;]<\/p>\n","protected":false},"author":1,"featured_media":0,"parent":0,"menu_order":0,"comment_status":"closed","ping_status":"closed","template":"templates\/legal.php","meta":{"_acf_changed":false,"_monsterinsights_skip_tracking":false,"_monsterinsights_sitenote_active":false,"_monsterinsights_sitenote_note":"","_monsterinsights_sitenote_category":0,"footnotes":""},"class_list":["post-401","page","type-page","status-publish","hentry"],"acf":[],"yoast_head":"<!-- This site is optimized with the Yoast SEO plugin v27.4 - https:\/\/yoast.com\/product\/yoast-seo-wordpress\/ -->\n<title>Av\u00eds legal - Bymar Park<\/title>\n<meta name=\"robots\" content=\"index, follow, max-snippet:-1, max-image-preview:large, max-video-preview:-1\" \/>\n<link rel=\"canonical\" href=\"https:\/\/www.bymar-park.com\/ca\/avis-legal\/\" \/>\n<meta property=\"og:locale\" content=\"ca_ES\" \/>\n<meta property=\"og:type\" content=\"article\" \/>\n<meta property=\"og:title\" content=\"Av\u00eds legal - Bymar Park\" \/>\n<meta property=\"og:description\" content=\"Aquesta p\u00e0gina Web \u00e9s propietat de BYMAR-PARK S.L. (d&#8217;ara endavant BYMAR-PARK), amb NIF n\u00fam. B61748844 i domicili a Sant Adri\u00e0 del Bes\u00f2s, C\/Joan Mir\u00f3 13, C.P. 08930 de Sant Adri\u00e0 del Bes\u00f2s (Barcelona) i inscrita al Registre Mercantil de Barcelona al tom 31178, foli 138 inscripci\u00f3 1r full B189470 Sec. Gral. Per a qualsevol consulta [&hellip;]\" \/>\n<meta property=\"og:url\" content=\"https:\/\/www.bymar-park.com\/ca\/avis-legal\/\" \/>\n<meta property=\"og:site_name\" content=\"Bymar Park\" \/>\n<meta property=\"article:modified_time\" content=\"2022-06-09T23:09:23+00:00\" \/>\n<meta name=\"twitter:card\" content=\"summary_large_image\" \/>\n<meta name=\"twitter:label1\" content=\"Temps estimat de lectura\" \/>\n\t<meta name=\"twitter:data1\" content=\"7 minuts\" \/>\n<script type=\"application\/ld+json\" class=\"yoast-schema-graph\">{\"@context\":\"https:\\\/\\\/schema.org\",\"@graph\":[{\"@type\":\"WebPage\",\"@id\":\"https:\\\/\\\/www.bymar-park.com\\\/ca\\\/avis-legal\\\/\",\"url\":\"https:\\\/\\\/www.bymar-park.com\\\/ca\\\/avis-legal\\\/\",\"name\":\"Av\u00eds legal - Bymar Park\",\"isPartOf\":{\"@id\":\"https:\\\/\\\/www.bymar-park.com\\\/ca\\\/#website\"},\"datePublished\":\"2021-07-15T13:02:03+00:00\",\"dateModified\":\"2022-06-09T23:09:23+00:00\",\"breadcrumb\":{\"@id\":\"https:\\\/\\\/www.bymar-park.com\\\/ca\\\/avis-legal\\\/#breadcrumb\"},\"inLanguage\":\"ca\",\"potentialAction\":[{\"@type\":\"ReadAction\",\"target\":[\"https:\\\/\\\/www.bymar-park.com\\\/ca\\\/avis-legal\\\/\"]}]},{\"@type\":\"BreadcrumbList\",\"@id\":\"https:\\\/\\\/www.bymar-park.com\\\/ca\\\/avis-legal\\\/#breadcrumb\",\"itemListElement\":[{\"@type\":\"ListItem\",\"position\":1,\"name\":\"Inicio\",\"item\":\"https:\\\/\\\/www.bymar-park.com\\\/ca\\\/\"},{\"@type\":\"ListItem\",\"position\":2,\"name\":\"Av\u00eds legal\"}]},{\"@type\":\"WebSite\",\"@id\":\"https:\\\/\\\/www.bymar-park.com\\\/ca\\\/#website\",\"url\":\"https:\\\/\\\/www.bymar-park.com\\\/ca\\\/\",\"name\":\"Bymar Park\",\"description\":\"Tecnologia al parking\",\"publisher\":{\"@id\":\"https:\\\/\\\/www.bymar-park.com\\\/ca\\\/#organization\"},\"potentialAction\":[{\"@type\":\"SearchAction\",\"target\":{\"@type\":\"EntryPoint\",\"urlTemplate\":\"https:\\\/\\\/www.bymar-park.com\\\/ca\\\/?s={search_term_string}\"},\"query-input\":{\"@type\":\"PropertyValueSpecification\",\"valueRequired\":true,\"valueName\":\"search_term_string\"}}],\"inLanguage\":\"ca\"},{\"@type\":\"Organization\",\"@id\":\"https:\\\/\\\/www.bymar-park.com\\\/ca\\\/#organization\",\"name\":\"Bymar Park S.L.\",\"url\":\"https:\\\/\\\/www.bymar-park.com\\\/ca\\\/\",\"logo\":{\"@type\":\"ImageObject\",\"inLanguage\":\"ca\",\"@id\":\"https:\\\/\\\/www.bymar-park.com\\\/ca\\\/#\\\/schema\\\/logo\\\/image\\\/\",\"url\":\"https:\\\/\\\/www.bymar-park.com\\\/wp-content\\\/uploads\\\/2021\\\/04\\\/bymar-park-logo.png\",\"contentUrl\":\"https:\\\/\\\/www.bymar-park.com\\\/wp-content\\\/uploads\\\/2021\\\/04\\\/bymar-park-logo.png\",\"width\":442,\"height\":442,\"caption\":\"Bymar Park S.L.\"},\"image\":{\"@id\":\"https:\\\/\\\/www.bymar-park.com\\\/ca\\\/#\\\/schema\\\/logo\\\/image\\\/\"}}]}<\/script>\n<!-- \/ Yoast SEO plugin. -->","yoast_head_json":{"title":"Av\u00eds legal - Bymar Park","robots":{"index":"index","follow":"follow","max-snippet":"max-snippet:-1","max-image-preview":"max-image-preview:large","max-video-preview":"max-video-preview:-1"},"canonical":"https:\/\/www.bymar-park.com\/ca\/avis-legal\/","og_locale":"ca_ES","og_type":"article","og_title":"Av\u00eds legal - Bymar Park","og_description":"Aquesta p\u00e0gina Web \u00e9s propietat de BYMAR-PARK S.L. (d&#8217;ara endavant BYMAR-PARK), amb NIF n\u00fam. B61748844 i domicili a Sant Adri\u00e0 del Bes\u00f2s, C\/Joan Mir\u00f3 13, C.P. 08930 de Sant Adri\u00e0 del Bes\u00f2s (Barcelona) i inscrita al Registre Mercantil de Barcelona al tom 31178, foli 138 inscripci\u00f3 1r full B189470 Sec. Gral. Per a qualsevol consulta [&hellip;]","og_url":"https:\/\/www.bymar-park.com\/ca\/avis-legal\/","og_site_name":"Bymar Park","article_modified_time":"2022-06-09T23:09:23+00:00","twitter_card":"summary_large_image","twitter_misc":{"Temps estimat de lectura":"7 minuts"},"schema":{"@context":"https:\/\/schema.org","@graph":[{"@type":"WebPage","@id":"https:\/\/www.bymar-park.com\/ca\/avis-legal\/","url":"https:\/\/www.bymar-park.com\/ca\/avis-legal\/","name":"Av\u00eds legal - Bymar Park","isPartOf":{"@id":"https:\/\/www.bymar-park.com\/ca\/#website"},"datePublished":"2021-07-15T13:02:03+00:00","dateModified":"2022-06-09T23:09:23+00:00","breadcrumb":{"@id":"https:\/\/www.bymar-park.com\/ca\/avis-legal\/#breadcrumb"},"inLanguage":"ca","potentialAction":[{"@type":"ReadAction","target":["https:\/\/www.bymar-park.com\/ca\/avis-legal\/"]}]},{"@type":"BreadcrumbList","@id":"https:\/\/www.bymar-park.com\/ca\/avis-legal\/#breadcrumb","itemListElement":[{"@type":"ListItem","position":1,"name":"Inicio","item":"https:\/\/www.bymar-park.com\/ca\/"},{"@type":"ListItem","position":2,"name":"Av\u00eds legal"}]},{"@type":"WebSite","@id":"https:\/\/www.bymar-park.com\/ca\/#website","url":"https:\/\/www.bymar-park.com\/ca\/","name":"Bymar Park","description":"Tecnologia al parking","publisher":{"@id":"https:\/\/www.bymar-park.com\/ca\/#organization"},"potentialAction":[{"@type":"SearchAction","target":{"@type":"EntryPoint","urlTemplate":"https:\/\/www.bymar-park.com\/ca\/?s={search_term_string}"},"query-input":{"@type":"PropertyValueSpecification","valueRequired":true,"valueName":"search_term_string"}}],"inLanguage":"ca"},{"@type":"Organization","@id":"https:\/\/www.bymar-park.com\/ca\/#organization","name":"Bymar Park S.L.","url":"https:\/\/www.bymar-park.com\/ca\/","logo":{"@type":"ImageObject","inLanguage":"ca","@id":"https:\/\/www.bymar-park.com\/ca\/#\/schema\/logo\/image\/","url":"https:\/\/www.bymar-park.com\/wp-content\/uploads\/2021\/04\/bymar-park-logo.png","contentUrl":"https:\/\/www.bymar-park.com\/wp-content\/uploads\/2021\/04\/bymar-park-logo.png","width":442,"height":442,"caption":"Bymar Park S.L."},"image":{"@id":"https:\/\/www.bymar-park.com\/ca\/#\/schema\/logo\/image\/"}}]}},"_links":{"self":[{"href":"https:\/\/www.bymar-park.com\/ca\/wp-json\/wp\/v2\/pages\/401","targetHints":{"allow":["GET"]}}],"collection":[{"href":"https:\/\/www.bymar-park.com\/ca\/wp-json\/wp\/v2\/pages"}],"about":[{"href":"https:\/\/www.bymar-park.com\/ca\/wp-json\/wp\/v2\/types\/page"}],"author":[{"embeddable":true,"href":"https:\/\/www.bymar-park.com\/ca\/wp-json\/wp\/v2\/users\/1"}],"replies":[{"embeddable":true,"href":"https:\/\/www.bymar-park.com\/ca\/wp-json\/wp\/v2\/comments?post=401"}],"version-history":[{"count":3,"href":"https:\/\/www.bymar-park.com\/ca\/wp-json\/wp\/v2\/pages\/401\/revisions"}],"predecessor-version":[{"id":3175,"href":"https:\/\/www.bymar-park.com\/ca\/wp-json\/wp\/v2\/pages\/401\/revisions\/3175"}],"wp:attachment":[{"href":"https:\/\/www.bymar-park.com\/ca\/wp-json\/wp\/v2\/media?parent=401"}],"curies":[{"name":"wp","href":"https:\/\/api.w.org\/{rel}","templated":true}]}}