{"id":371,"date":"2021-07-15T14:00:42","date_gmt":"2021-07-15T12:00:42","guid":{"rendered":"http:\/\/www.bymar-park.com\/?page_id=371"},"modified":"2022-06-10T00:43:01","modified_gmt":"2022-06-09T22:43:01","slug":"sat","status":"publish","type":"page","link":"https:\/\/www.bymar-park.com\/ca\/sat\/","title":{"rendered":"SAT"},"content":{"rendered":"\n<p>Contacteu amb nosaltres si voleu rebre <strong>atenci\u00f3 t\u00e8cnica<\/strong>. Envieu-nos un missatge i us respondrem el m\u00e9s aviat possible. Recordeu que tamb\u00e9 teniu els nostres <strong>tel\u00e8fons<\/strong> a la vostra disposici\u00f3 per a una <strong>atenci\u00f3 immediata<\/strong>.<\/p>\n","protected":false},"excerpt":{"rendered":"<p>Contacteu amb nosaltres si voleu rebre atenci\u00f3 t\u00e8cnica. Envieu-nos un missatge i us respondrem el m\u00e9s aviat possible. Recordeu que tamb\u00e9 teniu els nostres tel\u00e8fons a la vostra disposici\u00f3 per a una atenci\u00f3 immediata.<\/p>\n","protected":false},"author":1,"featured_media":736,"parent":0,"menu_order":0,"comment_status":"closed","ping_status":"closed","template":"templates\/contact.php","meta":{"_acf_changed":false,"_monsterinsights_skip_tracking":false,"_monsterinsights_sitenote_active":false,"_monsterinsights_sitenote_note":"","_monsterinsights_sitenote_category":0,"footnotes":""},"class_list":["post-371","page","type-page","status-publish","has-post-thumbnail","hentry"],"acf":[],"yoast_head":"<!-- This site is optimized with the Yoast SEO plugin v27.4 - https:\/\/yoast.com\/product\/yoast-seo-wordpress\/ -->\n<title>SAT - Bymar Park<\/title>\n<meta name=\"robots\" content=\"index, follow, max-snippet:-1, max-image-preview:large, max-video-preview:-1\" \/>\n<link rel=\"canonical\" href=\"https:\/\/www.bymar-park.com\/ca\/sat\/\" \/>\n<meta property=\"og:locale\" content=\"ca_ES\" \/>\n<meta property=\"og:type\" content=\"article\" \/>\n<meta property=\"og:title\" content=\"SAT - Bymar Park\" \/>\n<meta property=\"og:description\" content=\"Contacteu amb nosaltres si voleu rebre atenci\u00f3 t\u00e8cnica. Envieu-nos un missatge i us respondrem el m\u00e9s aviat possible. Recordeu que tamb\u00e9 teniu els nostres tel\u00e8fons a la vostra disposici\u00f3 per a una atenci\u00f3 immediata.\" \/>\n<meta property=\"og:url\" content=\"https:\/\/www.bymar-park.com\/ca\/sat\/\" \/>\n<meta property=\"og:site_name\" content=\"Bymar Park\" \/>\n<meta property=\"article:modified_time\" content=\"2022-06-09T22:43:01+00:00\" \/>\n<meta property=\"og:image\" content=\"https:\/\/www.bymar-park.com\/wp-content\/uploads\/2021\/10\/contacto-servicio-tecnico.png\" \/>\n\t<meta property=\"og:image:width\" content=\"720\" \/>\n\t<meta property=\"og:image:height\" content=\"720\" \/>\n\t<meta property=\"og:image:type\" content=\"image\/png\" \/>\n<meta name=\"twitter:card\" content=\"summary_large_image\" \/>\n<script type=\"application\/ld+json\" class=\"yoast-schema-graph\">{\"@context\":\"https:\\\/\\\/schema.org\",\"@graph\":[{\"@type\":\"WebPage\",\"@id\":\"https:\\\/\\\/www.bymar-park.com\\\/ca\\\/sat\\\/\",\"url\":\"https:\\\/\\\/www.bymar-park.com\\\/ca\\\/sat\\\/\",\"name\":\"SAT - Bymar Park\",\"isPartOf\":{\"@id\":\"https:\\\/\\\/www.bymar-park.com\\\/ca\\\/#website\"},\"primaryImageOfPage\":{\"@id\":\"https:\\\/\\\/www.bymar-park.com\\\/ca\\\/sat\\\/#primaryimage\"},\"image\":{\"@id\":\"https:\\\/\\\/www.bymar-park.com\\\/ca\\\/sat\\\/#primaryimage\"},\"thumbnailUrl\":\"https:\\\/\\\/www.bymar-park.com\\\/wp-content\\\/uploads\\\/2021\\\/10\\\/contacto-servicio-tecnico.png\",\"datePublished\":\"2021-07-15T12:00:42+00:00\",\"dateModified\":\"2022-06-09T22:43:01+00:00\",\"breadcrumb\":{\"@id\":\"https:\\\/\\\/www.bymar-park.com\\\/ca\\\/sat\\\/#breadcrumb\"},\"inLanguage\":\"ca\",\"potentialAction\":[{\"@type\":\"ReadAction\",\"target\":[\"https:\\\/\\\/www.bymar-park.com\\\/ca\\\/sat\\\/\"]}]},{\"@type\":\"ImageObject\",\"inLanguage\":\"ca\",\"@id\":\"https:\\\/\\\/www.bymar-park.com\\\/ca\\\/sat\\\/#primaryimage\",\"url\":\"https:\\\/\\\/www.bymar-park.com\\\/wp-content\\\/uploads\\\/2021\\\/10\\\/contacto-servicio-tecnico.png\",\"contentUrl\":\"https:\\\/\\\/www.bymar-park.com\\\/wp-content\\\/uploads\\\/2021\\\/10\\\/contacto-servicio-tecnico.png\",\"width\":720,\"height\":720,\"caption\":\"Contacte servei t\u00e8cnic\"},{\"@type\":\"BreadcrumbList\",\"@id\":\"https:\\\/\\\/www.bymar-park.com\\\/ca\\\/sat\\\/#breadcrumb\",\"itemListElement\":[{\"@type\":\"ListItem\",\"position\":1,\"name\":\"Inicio\",\"item\":\"https:\\\/\\\/www.bymar-park.com\\\/ca\\\/\"},{\"@type\":\"ListItem\",\"position\":2,\"name\":\"SAT\"}]},{\"@type\":\"WebSite\",\"@id\":\"https:\\\/\\\/www.bymar-park.com\\\/ca\\\/#website\",\"url\":\"https:\\\/\\\/www.bymar-park.com\\\/ca\\\/\",\"name\":\"Bymar Park\",\"description\":\"Tecnologia al parking\",\"publisher\":{\"@id\":\"https:\\\/\\\/www.bymar-park.com\\\/ca\\\/#organization\"},\"potentialAction\":[{\"@type\":\"SearchAction\",\"target\":{\"@type\":\"EntryPoint\",\"urlTemplate\":\"https:\\\/\\\/www.bymar-park.com\\\/ca\\\/?s={search_term_string}\"},\"query-input\":{\"@type\":\"PropertyValueSpecification\",\"valueRequired\":true,\"valueName\":\"search_term_string\"}}],\"inLanguage\":\"ca\"},{\"@type\":\"Organization\",\"@id\":\"https:\\\/\\\/www.bymar-park.com\\\/ca\\\/#organization\",\"name\":\"Bymar Park S.L.\",\"url\":\"https:\\\/\\\/www.bymar-park.com\\\/ca\\\/\",\"logo\":{\"@type\":\"ImageObject\",\"inLanguage\":\"ca\",\"@id\":\"https:\\\/\\\/www.bymar-park.com\\\/ca\\\/#\\\/schema\\\/logo\\\/image\\\/\",\"url\":\"https:\\\/\\\/www.bymar-park.com\\\/wp-content\\\/uploads\\\/2021\\\/04\\\/bymar-park-logo.png\",\"contentUrl\":\"https:\\\/\\\/www.bymar-park.com\\\/wp-content\\\/uploads\\\/2021\\\/04\\\/bymar-park-logo.png\",\"width\":442,\"height\":442,\"caption\":\"Bymar Park S.L.\"},\"image\":{\"@id\":\"https:\\\/\\\/www.bymar-park.com\\\/ca\\\/#\\\/schema\\\/logo\\\/image\\\/\"}}]}<\/script>\n<!-- \/ Yoast SEO plugin. -->","yoast_head_json":{"title":"SAT - Bymar Park","robots":{"index":"index","follow":"follow","max-snippet":"max-snippet:-1","max-image-preview":"max-image-preview:large","max-video-preview":"max-video-preview:-1"},"canonical":"https:\/\/www.bymar-park.com\/ca\/sat\/","og_locale":"ca_ES","og_type":"article","og_title":"SAT - Bymar Park","og_description":"Contacteu amb nosaltres si voleu rebre atenci\u00f3 t\u00e8cnica. Envieu-nos un missatge i us respondrem el m\u00e9s aviat possible. Recordeu que tamb\u00e9 teniu els nostres tel\u00e8fons a la vostra disposici\u00f3 per a una atenci\u00f3 immediata.","og_url":"https:\/\/www.bymar-park.com\/ca\/sat\/","og_site_name":"Bymar Park","article_modified_time":"2022-06-09T22:43:01+00:00","og_image":[{"width":720,"height":720,"url":"https:\/\/www.bymar-park.com\/wp-content\/uploads\/2021\/10\/contacto-servicio-tecnico.png","type":"image\/png"}],"twitter_card":"summary_large_image","schema":{"@context":"https:\/\/schema.org","@graph":[{"@type":"WebPage","@id":"https:\/\/www.bymar-park.com\/ca\/sat\/","url":"https:\/\/www.bymar-park.com\/ca\/sat\/","name":"SAT - Bymar Park","isPartOf":{"@id":"https:\/\/www.bymar-park.com\/ca\/#website"},"primaryImageOfPage":{"@id":"https:\/\/www.bymar-park.com\/ca\/sat\/#primaryimage"},"image":{"@id":"https:\/\/www.bymar-park.com\/ca\/sat\/#primaryimage"},"thumbnailUrl":"https:\/\/www.bymar-park.com\/wp-content\/uploads\/2021\/10\/contacto-servicio-tecnico.png","datePublished":"2021-07-15T12:00:42+00:00","dateModified":"2022-06-09T22:43:01+00:00","breadcrumb":{"@id":"https:\/\/www.bymar-park.com\/ca\/sat\/#breadcrumb"},"inLanguage":"ca","potentialAction":[{"@type":"ReadAction","target":["https:\/\/www.bymar-park.com\/ca\/sat\/"]}]},{"@type":"ImageObject","inLanguage":"ca","@id":"https:\/\/www.bymar-park.com\/ca\/sat\/#primaryimage","url":"https:\/\/www.bymar-park.com\/wp-content\/uploads\/2021\/10\/contacto-servicio-tecnico.png","contentUrl":"https:\/\/www.bymar-park.com\/wp-content\/uploads\/2021\/10\/contacto-servicio-tecnico.png","width":720,"height":720,"caption":"Contacte servei t\u00e8cnic"},{"@type":"BreadcrumbList","@id":"https:\/\/www.bymar-park.com\/ca\/sat\/#breadcrumb","itemListElement":[{"@type":"ListItem","position":1,"name":"Inicio","item":"https:\/\/www.bymar-park.com\/ca\/"},{"@type":"ListItem","position":2,"name":"SAT"}]},{"@type":"WebSite","@id":"https:\/\/www.bymar-park.com\/ca\/#website","url":"https:\/\/www.bymar-park.com\/ca\/","name":"Bymar Park","description":"Tecnologia al parking","publisher":{"@id":"https:\/\/www.bymar-park.com\/ca\/#organization"},"potentialAction":[{"@type":"SearchAction","target":{"@type":"EntryPoint","urlTemplate":"https:\/\/www.bymar-park.com\/ca\/?s={search_term_string}"},"query-input":{"@type":"PropertyValueSpecification","valueRequired":true,"valueName":"search_term_string"}}],"inLanguage":"ca"},{"@type":"Organization","@id":"https:\/\/www.bymar-park.com\/ca\/#organization","name":"Bymar Park S.L.","url":"https:\/\/www.bymar-park.com\/ca\/","logo":{"@type":"ImageObject","inLanguage":"ca","@id":"https:\/\/www.bymar-park.com\/ca\/#\/schema\/logo\/image\/","url":"https:\/\/www.bymar-park.com\/wp-content\/uploads\/2021\/04\/bymar-park-logo.png","contentUrl":"https:\/\/www.bymar-park.com\/wp-content\/uploads\/2021\/04\/bymar-park-logo.png","width":442,"height":442,"caption":"Bymar Park S.L."},"image":{"@id":"https:\/\/www.bymar-park.com\/ca\/#\/schema\/logo\/image\/"}}]}},"_links":{"self":[{"href":"https:\/\/www.bymar-park.com\/ca\/wp-json\/wp\/v2\/pages\/371","targetHints":{"allow":["GET"]}}],"collection":[{"href":"https:\/\/www.bymar-park.com\/ca\/wp-json\/wp\/v2\/pages"}],"about":[{"href":"https:\/\/www.bymar-park.com\/ca\/wp-json\/wp\/v2\/types\/page"}],"author":[{"embeddable":true,"href":"https:\/\/www.bymar-park.com\/ca\/wp-json\/wp\/v2\/users\/1"}],"replies":[{"embeddable":true,"href":"https:\/\/www.bymar-park.com\/ca\/wp-json\/wp\/v2\/comments?post=371"}],"version-history":[{"count":4,"href":"https:\/\/www.bymar-park.com\/ca\/wp-json\/wp\/v2\/pages\/371\/revisions"}],"predecessor-version":[{"id":3166,"href":"https:\/\/www.bymar-park.com\/ca\/wp-json\/wp\/v2\/pages\/371\/revisions\/3166"}],"wp:featuredmedia":[{"embeddable":true,"href":"https:\/\/www.bymar-park.com\/ca\/wp-json\/wp\/v2\/media\/736"}],"wp:attachment":[{"href":"https:\/\/www.bymar-park.com\/ca\/wp-json\/wp\/v2\/media?parent=371"}],"curies":[{"name":"wp","href":"https:\/\/api.w.org\/{rel}","templated":true}]}}