{"id":366,"date":"2021-07-15T13:59:17","date_gmt":"2021-07-15T11:59:17","guid":{"rendered":"http:\/\/www.bymar-park.com\/?page_id=366"},"modified":"2022-06-10T09:59:36","modified_gmt":"2022-06-10T07:59:36","slug":"contacte-general","status":"publish","type":"page","link":"https:\/\/www.bymar-park.com\/ca\/contacte-general\/","title":{"rendered":"Contacte general"},"content":{"rendered":"\n<p>Si voleu rebre un <strong>pressupost personalitzat<\/strong> o teniu alguna consulta general, envieu-nos un missatge i us respondrem el m\u00e9s aviat possible. Recordeu que tamb\u00e9 teniu <strong>els nostres tel\u00e8fons <\/strong> a la vostra disposici\u00f3 per a una <strong>atenci\u00f3 immediata<\/strong>.<\/p>\n","protected":false},"excerpt":{"rendered":"<p>Si voleu rebre un pressupost personalitzat o teniu alguna consulta general, envieu-nos un missatge i us respondrem el m\u00e9s aviat possible. Recordeu que tamb\u00e9 teniu els nostres tel\u00e8fons a la vostra disposici\u00f3 per a una atenci\u00f3 immediata.<\/p>\n","protected":false},"author":1,"featured_media":1158,"parent":0,"menu_order":0,"comment_status":"closed","ping_status":"closed","template":"templates\/contact.php","meta":{"_acf_changed":false,"_monsterinsights_skip_tracking":false,"_monsterinsights_sitenote_active":false,"_monsterinsights_sitenote_note":"","_monsterinsights_sitenote_category":0,"footnotes":""},"class_list":["post-366","page","type-page","status-publish","has-post-thumbnail","hentry"],"acf":[],"yoast_head":"<!-- This site is optimized with the Yoast SEO plugin v27.4 - https:\/\/yoast.com\/product\/yoast-seo-wordpress\/ -->\n<title>Contacte general - Bymar Park<\/title>\n<meta name=\"robots\" content=\"index, follow, max-snippet:-1, max-image-preview:large, max-video-preview:-1\" \/>\n<link rel=\"canonical\" href=\"https:\/\/www.bymar-park.com\/ca\/contacte-general\/\" \/>\n<meta property=\"og:locale\" content=\"ca_ES\" \/>\n<meta property=\"og:type\" content=\"article\" \/>\n<meta property=\"og:title\" content=\"Contacte general - Bymar Park\" \/>\n<meta property=\"og:description\" content=\"Si voleu rebre un pressupost personalitzat o teniu alguna consulta general, envieu-nos un missatge i us respondrem el m\u00e9s aviat possible. Recordeu que tamb\u00e9 teniu els nostres tel\u00e8fons a la vostra disposici\u00f3 per a una atenci\u00f3 immediata.\" \/>\n<meta property=\"og:url\" content=\"https:\/\/www.bymar-park.com\/ca\/contacte-general\/\" \/>\n<meta property=\"og:site_name\" content=\"Bymar Park\" \/>\n<meta property=\"article:modified_time\" content=\"2022-06-10T07:59:36+00:00\" \/>\n<meta property=\"og:image\" content=\"https:\/\/www.bymar-park.com\/wp-content\/uploads\/2021\/11\/contacto-general.png\" \/>\n\t<meta property=\"og:image:width\" content=\"720\" \/>\n\t<meta property=\"og:image:height\" content=\"720\" \/>\n\t<meta property=\"og:image:type\" content=\"image\/png\" \/>\n<meta name=\"twitter:card\" content=\"summary_large_image\" \/>\n<meta name=\"twitter:label1\" content=\"Temps estimat de lectura\" \/>\n\t<meta name=\"twitter:data1\" content=\"1 minut\" \/>\n<script type=\"application\/ld+json\" class=\"yoast-schema-graph\">{\"@context\":\"https:\\\/\\\/schema.org\",\"@graph\":[{\"@type\":\"WebPage\",\"@id\":\"https:\\\/\\\/www.bymar-park.com\\\/ca\\\/contacte-general\\\/\",\"url\":\"https:\\\/\\\/www.bymar-park.com\\\/ca\\\/contacte-general\\\/\",\"name\":\"Contacte general - Bymar Park\",\"isPartOf\":{\"@id\":\"https:\\\/\\\/www.bymar-park.com\\\/ca\\\/#website\"},\"primaryImageOfPage\":{\"@id\":\"https:\\\/\\\/www.bymar-park.com\\\/ca\\\/contacte-general\\\/#primaryimage\"},\"image\":{\"@id\":\"https:\\\/\\\/www.bymar-park.com\\\/ca\\\/contacte-general\\\/#primaryimage\"},\"thumbnailUrl\":\"https:\\\/\\\/www.bymar-park.com\\\/wp-content\\\/uploads\\\/2021\\\/11\\\/contacto-general.png\",\"datePublished\":\"2021-07-15T11:59:17+00:00\",\"dateModified\":\"2022-06-10T07:59:36+00:00\",\"breadcrumb\":{\"@id\":\"https:\\\/\\\/www.bymar-park.com\\\/ca\\\/contacte-general\\\/#breadcrumb\"},\"inLanguage\":\"ca\",\"potentialAction\":[{\"@type\":\"ReadAction\",\"target\":[\"https:\\\/\\\/www.bymar-park.com\\\/ca\\\/contacte-general\\\/\"]}]},{\"@type\":\"ImageObject\",\"inLanguage\":\"ca\",\"@id\":\"https:\\\/\\\/www.bymar-park.com\\\/ca\\\/contacte-general\\\/#primaryimage\",\"url\":\"https:\\\/\\\/www.bymar-park.com\\\/wp-content\\\/uploads\\\/2021\\\/11\\\/contacto-general.png\",\"contentUrl\":\"https:\\\/\\\/www.bymar-park.com\\\/wp-content\\\/uploads\\\/2021\\\/11\\\/contacto-general.png\",\"width\":720,\"height\":720,\"caption\":\"Contacte general\"},{\"@type\":\"BreadcrumbList\",\"@id\":\"https:\\\/\\\/www.bymar-park.com\\\/ca\\\/contacte-general\\\/#breadcrumb\",\"itemListElement\":[{\"@type\":\"ListItem\",\"position\":1,\"name\":\"Inicio\",\"item\":\"https:\\\/\\\/www.bymar-park.com\\\/ca\\\/\"},{\"@type\":\"ListItem\",\"position\":2,\"name\":\"Contacte general\"}]},{\"@type\":\"WebSite\",\"@id\":\"https:\\\/\\\/www.bymar-park.com\\\/ca\\\/#website\",\"url\":\"https:\\\/\\\/www.bymar-park.com\\\/ca\\\/\",\"name\":\"Bymar Park\",\"description\":\"Tecnologia al parking\",\"publisher\":{\"@id\":\"https:\\\/\\\/www.bymar-park.com\\\/ca\\\/#organization\"},\"potentialAction\":[{\"@type\":\"SearchAction\",\"target\":{\"@type\":\"EntryPoint\",\"urlTemplate\":\"https:\\\/\\\/www.bymar-park.com\\\/ca\\\/?s={search_term_string}\"},\"query-input\":{\"@type\":\"PropertyValueSpecification\",\"valueRequired\":true,\"valueName\":\"search_term_string\"}}],\"inLanguage\":\"ca\"},{\"@type\":\"Organization\",\"@id\":\"https:\\\/\\\/www.bymar-park.com\\\/ca\\\/#organization\",\"name\":\"Bymar Park S.L.\",\"url\":\"https:\\\/\\\/www.bymar-park.com\\\/ca\\\/\",\"logo\":{\"@type\":\"ImageObject\",\"inLanguage\":\"ca\",\"@id\":\"https:\\\/\\\/www.bymar-park.com\\\/ca\\\/#\\\/schema\\\/logo\\\/image\\\/\",\"url\":\"https:\\\/\\\/www.bymar-park.com\\\/wp-content\\\/uploads\\\/2021\\\/04\\\/bymar-park-logo.png\",\"contentUrl\":\"https:\\\/\\\/www.bymar-park.com\\\/wp-content\\\/uploads\\\/2021\\\/04\\\/bymar-park-logo.png\",\"width\":442,\"height\":442,\"caption\":\"Bymar Park S.L.\"},\"image\":{\"@id\":\"https:\\\/\\\/www.bymar-park.com\\\/ca\\\/#\\\/schema\\\/logo\\\/image\\\/\"}}]}<\/script>\n<!-- \/ Yoast SEO plugin. -->","yoast_head_json":{"title":"Contacte general - Bymar Park","robots":{"index":"index","follow":"follow","max-snippet":"max-snippet:-1","max-image-preview":"max-image-preview:large","max-video-preview":"max-video-preview:-1"},"canonical":"https:\/\/www.bymar-park.com\/ca\/contacte-general\/","og_locale":"ca_ES","og_type":"article","og_title":"Contacte general - Bymar Park","og_description":"Si voleu rebre un pressupost personalitzat o teniu alguna consulta general, envieu-nos un missatge i us respondrem el m\u00e9s aviat possible. Recordeu que tamb\u00e9 teniu els nostres tel\u00e8fons a la vostra disposici\u00f3 per a una atenci\u00f3 immediata.","og_url":"https:\/\/www.bymar-park.com\/ca\/contacte-general\/","og_site_name":"Bymar Park","article_modified_time":"2022-06-10T07:59:36+00:00","og_image":[{"width":720,"height":720,"url":"https:\/\/www.bymar-park.com\/wp-content\/uploads\/2021\/11\/contacto-general.png","type":"image\/png"}],"twitter_card":"summary_large_image","twitter_misc":{"Temps estimat de lectura":"1 minut"},"schema":{"@context":"https:\/\/schema.org","@graph":[{"@type":"WebPage","@id":"https:\/\/www.bymar-park.com\/ca\/contacte-general\/","url":"https:\/\/www.bymar-park.com\/ca\/contacte-general\/","name":"Contacte general - Bymar Park","isPartOf":{"@id":"https:\/\/www.bymar-park.com\/ca\/#website"},"primaryImageOfPage":{"@id":"https:\/\/www.bymar-park.com\/ca\/contacte-general\/#primaryimage"},"image":{"@id":"https:\/\/www.bymar-park.com\/ca\/contacte-general\/#primaryimage"},"thumbnailUrl":"https:\/\/www.bymar-park.com\/wp-content\/uploads\/2021\/11\/contacto-general.png","datePublished":"2021-07-15T11:59:17+00:00","dateModified":"2022-06-10T07:59:36+00:00","breadcrumb":{"@id":"https:\/\/www.bymar-park.com\/ca\/contacte-general\/#breadcrumb"},"inLanguage":"ca","potentialAction":[{"@type":"ReadAction","target":["https:\/\/www.bymar-park.com\/ca\/contacte-general\/"]}]},{"@type":"ImageObject","inLanguage":"ca","@id":"https:\/\/www.bymar-park.com\/ca\/contacte-general\/#primaryimage","url":"https:\/\/www.bymar-park.com\/wp-content\/uploads\/2021\/11\/contacto-general.png","contentUrl":"https:\/\/www.bymar-park.com\/wp-content\/uploads\/2021\/11\/contacto-general.png","width":720,"height":720,"caption":"Contacte general"},{"@type":"BreadcrumbList","@id":"https:\/\/www.bymar-park.com\/ca\/contacte-general\/#breadcrumb","itemListElement":[{"@type":"ListItem","position":1,"name":"Inicio","item":"https:\/\/www.bymar-park.com\/ca\/"},{"@type":"ListItem","position":2,"name":"Contacte general"}]},{"@type":"WebSite","@id":"https:\/\/www.bymar-park.com\/ca\/#website","url":"https:\/\/www.bymar-park.com\/ca\/","name":"Bymar Park","description":"Tecnologia al parking","publisher":{"@id":"https:\/\/www.bymar-park.com\/ca\/#organization"},"potentialAction":[{"@type":"SearchAction","target":{"@type":"EntryPoint","urlTemplate":"https:\/\/www.bymar-park.com\/ca\/?s={search_term_string}"},"query-input":{"@type":"PropertyValueSpecification","valueRequired":true,"valueName":"search_term_string"}}],"inLanguage":"ca"},{"@type":"Organization","@id":"https:\/\/www.bymar-park.com\/ca\/#organization","name":"Bymar Park S.L.","url":"https:\/\/www.bymar-park.com\/ca\/","logo":{"@type":"ImageObject","inLanguage":"ca","@id":"https:\/\/www.bymar-park.com\/ca\/#\/schema\/logo\/image\/","url":"https:\/\/www.bymar-park.com\/wp-content\/uploads\/2021\/04\/bymar-park-logo.png","contentUrl":"https:\/\/www.bymar-park.com\/wp-content\/uploads\/2021\/04\/bymar-park-logo.png","width":442,"height":442,"caption":"Bymar Park S.L."},"image":{"@id":"https:\/\/www.bymar-park.com\/ca\/#\/schema\/logo\/image\/"}}]}},"_links":{"self":[{"href":"https:\/\/www.bymar-park.com\/ca\/wp-json\/wp\/v2\/pages\/366","targetHints":{"allow":["GET"]}}],"collection":[{"href":"https:\/\/www.bymar-park.com\/ca\/wp-json\/wp\/v2\/pages"}],"about":[{"href":"https:\/\/www.bymar-park.com\/ca\/wp-json\/wp\/v2\/types\/page"}],"author":[{"embeddable":true,"href":"https:\/\/www.bymar-park.com\/ca\/wp-json\/wp\/v2\/users\/1"}],"replies":[{"embeddable":true,"href":"https:\/\/www.bymar-park.com\/ca\/wp-json\/wp\/v2\/comments?post=366"}],"version-history":[{"count":3,"href":"https:\/\/www.bymar-park.com\/ca\/wp-json\/wp\/v2\/pages\/366\/revisions"}],"predecessor-version":[{"id":1972,"href":"https:\/\/www.bymar-park.com\/ca\/wp-json\/wp\/v2\/pages\/366\/revisions\/1972"}],"wp:featuredmedia":[{"embeddable":true,"href":"https:\/\/www.bymar-park.com\/ca\/wp-json\/wp\/v2\/media\/1158"}],"wp:attachment":[{"href":"https:\/\/www.bymar-park.com\/ca\/wp-json\/wp\/v2\/media?parent=366"}],"curies":[{"name":"wp","href":"https:\/\/api.w.org\/{rel}","templated":true}]}}