{"id":350,"date":"2021-07-15T13:49:56","date_gmt":"2021-07-15T11:49:56","guid":{"rendered":"http:\/\/www.bymar-park.com\/?page_id=350"},"modified":"2022-06-14T16:42:27","modified_gmt":"2022-06-14T14:42:27","slug":"maquines-parking","status":"publish","type":"page","link":"https:\/\/www.bymar-park.com\/ca\/maquines-parking\/","title":{"rendered":"Productes"},"content":{"rendered":"\n<p>La nostra l\u00ednia de <strong>m\u00e0quines per a p\u00e0rquings<\/strong> est\u00e0 dissenyada per resoldre totes les necessitats que comporta el control i gesti\u00f3 d&#8217;aparcaments. Tots els processos de fabricaci\u00f3 de les nostres m\u00e0quines es fan sota un escrupol\u00f3s <strong>control de qualitat<\/strong>, des del disseny intern; maquin\u00e0ria, circuits, programaci\u00f3, etc., fins al <strong>disseny final<\/strong>.<\/p>\n\n<p><strong>Contacteu amb nosaltres<\/strong> per obtenir m\u00e9s informaci\u00f3 i un pressupost adaptat a les vostres necessitats.<\/p>\n","protected":false},"excerpt":{"rendered":"<p>La nostra l\u00ednia de m\u00e0quines per a p\u00e0rquings est\u00e0 dissenyada per resoldre totes les necessitats que comporta el control i gesti\u00f3 d&#8217;aparcaments. Tots els processos de fabricaci\u00f3 de les nostres m\u00e0quines es fan sota un escrupol\u00f3s control de qualitat, des del disseny intern; maquin\u00e0ria, circuits, programaci\u00f3, etc., fins al disseny final. Contacteu amb nosaltres per [&hellip;]<\/p>\n","protected":false},"author":1,"featured_media":0,"parent":0,"menu_order":0,"comment_status":"closed","ping_status":"closed","template":"templates\/products.php","meta":{"_acf_changed":false,"_monsterinsights_skip_tracking":false,"_monsterinsights_sitenote_active":false,"_monsterinsights_sitenote_note":"","_monsterinsights_sitenote_category":0,"footnotes":""},"class_list":["post-350","page","type-page","status-publish","hentry"],"acf":[],"yoast_head":"<!-- This site is optimized with the Yoast SEO plugin v27.4 - https:\/\/yoast.com\/product\/yoast-seo-wordpress\/ -->\n<title>M\u00e0quinas y equips per a p\u00e0rquings - Bymar Park<\/title>\n<meta name=\"robots\" content=\"index, follow, max-snippet:-1, max-image-preview:large, max-video-preview:-1\" \/>\n<link rel=\"canonical\" href=\"https:\/\/www.bymar-park.com\/ca\/maquines-parking\/\" \/>\n<meta property=\"og:locale\" content=\"ca_ES\" \/>\n<meta property=\"og:type\" content=\"article\" \/>\n<meta property=\"og:title\" content=\"M\u00e0quinas y equips per a p\u00e0rquings - Bymar Park\" \/>\n<meta property=\"og:description\" content=\"La nostra l\u00ednia de m\u00e0quines per a p\u00e0rquings est\u00e0 dissenyada per resoldre totes les necessitats que comporta el control i gesti\u00f3 d&#8217;aparcaments. Tots els processos de fabricaci\u00f3 de les nostres m\u00e0quines es fan sota un escrupol\u00f3s control de qualitat, des del disseny intern; maquin\u00e0ria, circuits, programaci\u00f3, etc., fins al disseny final. Contacteu amb nosaltres per [&hellip;]\" \/>\n<meta property=\"og:url\" content=\"https:\/\/www.bymar-park.com\/ca\/maquines-parking\/\" \/>\n<meta property=\"og:site_name\" content=\"Bymar Park\" \/>\n<meta property=\"article:modified_time\" content=\"2022-06-14T14:42:27+00:00\" \/>\n<meta name=\"twitter:card\" content=\"summary_large_image\" \/>\n<meta name=\"twitter:label1\" content=\"Temps estimat de lectura\" \/>\n\t<meta name=\"twitter:data1\" content=\"1 minut\" \/>\n<script type=\"application\/ld+json\" class=\"yoast-schema-graph\">{\"@context\":\"https:\\\/\\\/schema.org\",\"@graph\":[{\"@type\":\"WebPage\",\"@id\":\"https:\\\/\\\/www.bymar-park.com\\\/ca\\\/maquines-parking\\\/\",\"url\":\"https:\\\/\\\/www.bymar-park.com\\\/ca\\\/maquines-parking\\\/\",\"name\":\"M\u00e0quinas y equips per a p\u00e0rquings - Bymar Park\",\"isPartOf\":{\"@id\":\"https:\\\/\\\/www.bymar-park.com\\\/ca\\\/#website\"},\"datePublished\":\"2021-07-15T11:49:56+00:00\",\"dateModified\":\"2022-06-14T14:42:27+00:00\",\"breadcrumb\":{\"@id\":\"https:\\\/\\\/www.bymar-park.com\\\/ca\\\/maquines-parking\\\/#breadcrumb\"},\"inLanguage\":\"ca\",\"potentialAction\":[{\"@type\":\"ReadAction\",\"target\":[\"https:\\\/\\\/www.bymar-park.com\\\/ca\\\/maquines-parking\\\/\"]}]},{\"@type\":\"BreadcrumbList\",\"@id\":\"https:\\\/\\\/www.bymar-park.com\\\/ca\\\/maquines-parking\\\/#breadcrumb\",\"itemListElement\":[{\"@type\":\"ListItem\",\"position\":1,\"name\":\"Inicio\",\"item\":\"https:\\\/\\\/www.bymar-park.com\\\/ca\\\/\"},{\"@type\":\"ListItem\",\"position\":2,\"name\":\"Productes\"}]},{\"@type\":\"WebSite\",\"@id\":\"https:\\\/\\\/www.bymar-park.com\\\/ca\\\/#website\",\"url\":\"https:\\\/\\\/www.bymar-park.com\\\/ca\\\/\",\"name\":\"Bymar Park\",\"description\":\"Tecnologia al parking\",\"publisher\":{\"@id\":\"https:\\\/\\\/www.bymar-park.com\\\/ca\\\/#organization\"},\"potentialAction\":[{\"@type\":\"SearchAction\",\"target\":{\"@type\":\"EntryPoint\",\"urlTemplate\":\"https:\\\/\\\/www.bymar-park.com\\\/ca\\\/?s={search_term_string}\"},\"query-input\":{\"@type\":\"PropertyValueSpecification\",\"valueRequired\":true,\"valueName\":\"search_term_string\"}}],\"inLanguage\":\"ca\"},{\"@type\":\"Organization\",\"@id\":\"https:\\\/\\\/www.bymar-park.com\\\/ca\\\/#organization\",\"name\":\"Bymar Park S.L.\",\"url\":\"https:\\\/\\\/www.bymar-park.com\\\/ca\\\/\",\"logo\":{\"@type\":\"ImageObject\",\"inLanguage\":\"ca\",\"@id\":\"https:\\\/\\\/www.bymar-park.com\\\/ca\\\/#\\\/schema\\\/logo\\\/image\\\/\",\"url\":\"https:\\\/\\\/www.bymar-park.com\\\/wp-content\\\/uploads\\\/2021\\\/04\\\/bymar-park-logo.png\",\"contentUrl\":\"https:\\\/\\\/www.bymar-park.com\\\/wp-content\\\/uploads\\\/2021\\\/04\\\/bymar-park-logo.png\",\"width\":442,\"height\":442,\"caption\":\"Bymar Park S.L.\"},\"image\":{\"@id\":\"https:\\\/\\\/www.bymar-park.com\\\/ca\\\/#\\\/schema\\\/logo\\\/image\\\/\"}}]}<\/script>\n<!-- \/ Yoast SEO plugin. -->","yoast_head_json":{"title":"M\u00e0quinas y equips per a p\u00e0rquings - Bymar Park","robots":{"index":"index","follow":"follow","max-snippet":"max-snippet:-1","max-image-preview":"max-image-preview:large","max-video-preview":"max-video-preview:-1"},"canonical":"https:\/\/www.bymar-park.com\/ca\/maquines-parking\/","og_locale":"ca_ES","og_type":"article","og_title":"M\u00e0quinas y equips per a p\u00e0rquings - Bymar Park","og_description":"La nostra l\u00ednia de m\u00e0quines per a p\u00e0rquings est\u00e0 dissenyada per resoldre totes les necessitats que comporta el control i gesti\u00f3 d&#8217;aparcaments. Tots els processos de fabricaci\u00f3 de les nostres m\u00e0quines es fan sota un escrupol\u00f3s control de qualitat, des del disseny intern; maquin\u00e0ria, circuits, programaci\u00f3, etc., fins al disseny final. Contacteu amb nosaltres per [&hellip;]","og_url":"https:\/\/www.bymar-park.com\/ca\/maquines-parking\/","og_site_name":"Bymar Park","article_modified_time":"2022-06-14T14:42:27+00:00","twitter_card":"summary_large_image","twitter_misc":{"Temps estimat de lectura":"1 minut"},"schema":{"@context":"https:\/\/schema.org","@graph":[{"@type":"WebPage","@id":"https:\/\/www.bymar-park.com\/ca\/maquines-parking\/","url":"https:\/\/www.bymar-park.com\/ca\/maquines-parking\/","name":"M\u00e0quinas y equips per a p\u00e0rquings - Bymar Park","isPartOf":{"@id":"https:\/\/www.bymar-park.com\/ca\/#website"},"datePublished":"2021-07-15T11:49:56+00:00","dateModified":"2022-06-14T14:42:27+00:00","breadcrumb":{"@id":"https:\/\/www.bymar-park.com\/ca\/maquines-parking\/#breadcrumb"},"inLanguage":"ca","potentialAction":[{"@type":"ReadAction","target":["https:\/\/www.bymar-park.com\/ca\/maquines-parking\/"]}]},{"@type":"BreadcrumbList","@id":"https:\/\/www.bymar-park.com\/ca\/maquines-parking\/#breadcrumb","itemListElement":[{"@type":"ListItem","position":1,"name":"Inicio","item":"https:\/\/www.bymar-park.com\/ca\/"},{"@type":"ListItem","position":2,"name":"Productes"}]},{"@type":"WebSite","@id":"https:\/\/www.bymar-park.com\/ca\/#website","url":"https:\/\/www.bymar-park.com\/ca\/","name":"Bymar Park","description":"Tecnologia al parking","publisher":{"@id":"https:\/\/www.bymar-park.com\/ca\/#organization"},"potentialAction":[{"@type":"SearchAction","target":{"@type":"EntryPoint","urlTemplate":"https:\/\/www.bymar-park.com\/ca\/?s={search_term_string}"},"query-input":{"@type":"PropertyValueSpecification","valueRequired":true,"valueName":"search_term_string"}}],"inLanguage":"ca"},{"@type":"Organization","@id":"https:\/\/www.bymar-park.com\/ca\/#organization","name":"Bymar Park S.L.","url":"https:\/\/www.bymar-park.com\/ca\/","logo":{"@type":"ImageObject","inLanguage":"ca","@id":"https:\/\/www.bymar-park.com\/ca\/#\/schema\/logo\/image\/","url":"https:\/\/www.bymar-park.com\/wp-content\/uploads\/2021\/04\/bymar-park-logo.png","contentUrl":"https:\/\/www.bymar-park.com\/wp-content\/uploads\/2021\/04\/bymar-park-logo.png","width":442,"height":442,"caption":"Bymar Park S.L."},"image":{"@id":"https:\/\/www.bymar-park.com\/ca\/#\/schema\/logo\/image\/"}}]}},"_links":{"self":[{"href":"https:\/\/www.bymar-park.com\/ca\/wp-json\/wp\/v2\/pages\/350","targetHints":{"allow":["GET"]}}],"collection":[{"href":"https:\/\/www.bymar-park.com\/ca\/wp-json\/wp\/v2\/pages"}],"about":[{"href":"https:\/\/www.bymar-park.com\/ca\/wp-json\/wp\/v2\/types\/page"}],"author":[{"embeddable":true,"href":"https:\/\/www.bymar-park.com\/ca\/wp-json\/wp\/v2\/users\/1"}],"replies":[{"embeddable":true,"href":"https:\/\/www.bymar-park.com\/ca\/wp-json\/wp\/v2\/comments?post=350"}],"version-history":[{"count":8,"href":"https:\/\/www.bymar-park.com\/ca\/wp-json\/wp\/v2\/pages\/350\/revisions"}],"predecessor-version":[{"id":3170,"href":"https:\/\/www.bymar-park.com\/ca\/wp-json\/wp\/v2\/pages\/350\/revisions\/3170"}],"wp:attachment":[{"href":"https:\/\/www.bymar-park.com\/ca\/wp-json\/wp\/v2\/media?parent=350"}],"curies":[{"name":"wp","href":"https:\/\/api.w.org\/{rel}","templated":true}]}}