{"id":3192,"date":"2022-06-10T21:51:01","date_gmt":"2022-06-10T19:51:01","guid":{"rendered":"https:\/\/www.bymar-park.com\/kit-digital\/"},"modified":"2022-06-10T21:51:02","modified_gmt":"2022-06-10T19:51:02","slug":"kit-digital","status":"publish","type":"page","link":"https:\/\/www.bymar-park.com\/ca\/kit-digital\/","title":{"rendered":"Kit Digital"},"content":{"rendered":"\n<p>Aconsegueix fins a <strong>12.000\u20ac d&#8217;ajuda<\/strong> per transformar digitalment la teva empresa sense cap inversi\u00f3 pr\u00e8via.<\/p>\n\n<p>T&#8217;ajudem a gestionar el teu<strong> Kit Digital<\/strong> de forma gratu\u00efta.<\/p>\n\n<p>Accedeix a <a href=\"https:\/\/acelerapyme.gob.es\/kit-digital\" target=\"_blank\" rel=\"noopener\">Accelera Pime<\/a> per a m\u00e9s informaci\u00f3.<\/p>\n","protected":false},"excerpt":{"rendered":"<p>Aconsegueix fins a 12.000\u20ac d&#8217;ajuda per transformar digitalment la teva empresa sense cap inversi\u00f3 pr\u00e8via. T&#8217;ajudem a gestionar el teu Kit Digital de forma gratu\u00efta. Accedeix a Accelera Pime per a m\u00e9s informaci\u00f3.<\/p>\n","protected":false},"author":1,"featured_media":0,"parent":0,"menu_order":0,"comment_status":"closed","ping_status":"closed","template":"templates\/kit-digital.php","meta":{"_acf_changed":false,"_monsterinsights_skip_tracking":false,"_monsterinsights_sitenote_active":false,"_monsterinsights_sitenote_note":"","_monsterinsights_sitenote_category":0,"footnotes":""},"class_list":["post-3192","page","type-page","status-publish","hentry"],"acf":[],"yoast_head":"<!-- This site is optimized with the Yoast SEO plugin v27.5 - https:\/\/yoast.com\/product\/yoast-seo-wordpress\/ -->\n<title>Kit Digital - Bymar Park<\/title>\n<meta name=\"robots\" content=\"index, follow, max-snippet:-1, max-image-preview:large, max-video-preview:-1\" \/>\n<link rel=\"canonical\" href=\"https:\/\/www.bymar-park.com\/ca\/kit-digital\/\" \/>\n<meta property=\"og:locale\" content=\"ca_ES\" \/>\n<meta property=\"og:type\" content=\"article\" \/>\n<meta property=\"og:title\" content=\"Kit Digital - Bymar Park\" \/>\n<meta property=\"og:description\" content=\"Aconsegueix fins a 12.000\u20ac d&#8217;ajuda per transformar digitalment la teva empresa sense cap inversi\u00f3 pr\u00e8via. T&#8217;ajudem a gestionar el teu Kit Digital de forma gratu\u00efta. Accedeix a Accelera Pime per a m\u00e9s informaci\u00f3.\" \/>\n<meta property=\"og:url\" content=\"https:\/\/www.bymar-park.com\/ca\/kit-digital\/\" \/>\n<meta property=\"og:site_name\" content=\"Bymar Park\" \/>\n<meta property=\"article:modified_time\" content=\"2022-06-10T19:51:02+00:00\" \/>\n<meta name=\"twitter:card\" content=\"summary_large_image\" \/>\n<script type=\"application\/ld+json\" class=\"yoast-schema-graph\">{\"@context\":\"https:\\\/\\\/schema.org\",\"@graph\":[{\"@type\":\"WebPage\",\"@id\":\"https:\\\/\\\/www.bymar-park.com\\\/ca\\\/kit-digital\\\/\",\"url\":\"https:\\\/\\\/www.bymar-park.com\\\/ca\\\/kit-digital\\\/\",\"name\":\"Kit Digital - Bymar Park\",\"isPartOf\":{\"@id\":\"https:\\\/\\\/www.bymar-park.com\\\/ca\\\/#website\"},\"datePublished\":\"2022-06-10T19:51:01+00:00\",\"dateModified\":\"2022-06-10T19:51:02+00:00\",\"breadcrumb\":{\"@id\":\"https:\\\/\\\/www.bymar-park.com\\\/ca\\\/kit-digital\\\/#breadcrumb\"},\"inLanguage\":\"ca\",\"potentialAction\":[{\"@type\":\"ReadAction\",\"target\":[\"https:\\\/\\\/www.bymar-park.com\\\/ca\\\/kit-digital\\\/\"]}]},{\"@type\":\"BreadcrumbList\",\"@id\":\"https:\\\/\\\/www.bymar-park.com\\\/ca\\\/kit-digital\\\/#breadcrumb\",\"itemListElement\":[{\"@type\":\"ListItem\",\"position\":1,\"name\":\"Inicio\",\"item\":\"https:\\\/\\\/www.bymar-park.com\\\/ca\\\/\"},{\"@type\":\"ListItem\",\"position\":2,\"name\":\"Kit Digital\"}]},{\"@type\":\"WebSite\",\"@id\":\"https:\\\/\\\/www.bymar-park.com\\\/ca\\\/#website\",\"url\":\"https:\\\/\\\/www.bymar-park.com\\\/ca\\\/\",\"name\":\"Bymar Park\",\"description\":\"Tecnologia al parking\",\"publisher\":{\"@id\":\"https:\\\/\\\/www.bymar-park.com\\\/ca\\\/#organization\"},\"potentialAction\":[{\"@type\":\"SearchAction\",\"target\":{\"@type\":\"EntryPoint\",\"urlTemplate\":\"https:\\\/\\\/www.bymar-park.com\\\/ca\\\/?s={search_term_string}\"},\"query-input\":{\"@type\":\"PropertyValueSpecification\",\"valueRequired\":true,\"valueName\":\"search_term_string\"}}],\"inLanguage\":\"ca\"},{\"@type\":\"Organization\",\"@id\":\"https:\\\/\\\/www.bymar-park.com\\\/ca\\\/#organization\",\"name\":\"Bymar Park S.L.\",\"url\":\"https:\\\/\\\/www.bymar-park.com\\\/ca\\\/\",\"logo\":{\"@type\":\"ImageObject\",\"inLanguage\":\"ca\",\"@id\":\"https:\\\/\\\/www.bymar-park.com\\\/ca\\\/#\\\/schema\\\/logo\\\/image\\\/\",\"url\":\"https:\\\/\\\/www.bymar-park.com\\\/wp-content\\\/uploads\\\/2021\\\/04\\\/bymar-park-logo.png\",\"contentUrl\":\"https:\\\/\\\/www.bymar-park.com\\\/wp-content\\\/uploads\\\/2021\\\/04\\\/bymar-park-logo.png\",\"width\":442,\"height\":442,\"caption\":\"Bymar Park S.L.\"},\"image\":{\"@id\":\"https:\\\/\\\/www.bymar-park.com\\\/ca\\\/#\\\/schema\\\/logo\\\/image\\\/\"}}]}<\/script>\n<!-- \/ Yoast SEO plugin. -->","yoast_head_json":{"title":"Kit Digital - Bymar Park","robots":{"index":"index","follow":"follow","max-snippet":"max-snippet:-1","max-image-preview":"max-image-preview:large","max-video-preview":"max-video-preview:-1"},"canonical":"https:\/\/www.bymar-park.com\/ca\/kit-digital\/","og_locale":"ca_ES","og_type":"article","og_title":"Kit Digital - Bymar Park","og_description":"Aconsegueix fins a 12.000\u20ac d&#8217;ajuda per transformar digitalment la teva empresa sense cap inversi\u00f3 pr\u00e8via. T&#8217;ajudem a gestionar el teu Kit Digital de forma gratu\u00efta. Accedeix a Accelera Pime per a m\u00e9s informaci\u00f3.","og_url":"https:\/\/www.bymar-park.com\/ca\/kit-digital\/","og_site_name":"Bymar Park","article_modified_time":"2022-06-10T19:51:02+00:00","twitter_card":"summary_large_image","schema":{"@context":"https:\/\/schema.org","@graph":[{"@type":"WebPage","@id":"https:\/\/www.bymar-park.com\/ca\/kit-digital\/","url":"https:\/\/www.bymar-park.com\/ca\/kit-digital\/","name":"Kit Digital - Bymar Park","isPartOf":{"@id":"https:\/\/www.bymar-park.com\/ca\/#website"},"datePublished":"2022-06-10T19:51:01+00:00","dateModified":"2022-06-10T19:51:02+00:00","breadcrumb":{"@id":"https:\/\/www.bymar-park.com\/ca\/kit-digital\/#breadcrumb"},"inLanguage":"ca","potentialAction":[{"@type":"ReadAction","target":["https:\/\/www.bymar-park.com\/ca\/kit-digital\/"]}]},{"@type":"BreadcrumbList","@id":"https:\/\/www.bymar-park.com\/ca\/kit-digital\/#breadcrumb","itemListElement":[{"@type":"ListItem","position":1,"name":"Inicio","item":"https:\/\/www.bymar-park.com\/ca\/"},{"@type":"ListItem","position":2,"name":"Kit Digital"}]},{"@type":"WebSite","@id":"https:\/\/www.bymar-park.com\/ca\/#website","url":"https:\/\/www.bymar-park.com\/ca\/","name":"Bymar Park","description":"Tecnologia al parking","publisher":{"@id":"https:\/\/www.bymar-park.com\/ca\/#organization"},"potentialAction":[{"@type":"SearchAction","target":{"@type":"EntryPoint","urlTemplate":"https:\/\/www.bymar-park.com\/ca\/?s={search_term_string}"},"query-input":{"@type":"PropertyValueSpecification","valueRequired":true,"valueName":"search_term_string"}}],"inLanguage":"ca"},{"@type":"Organization","@id":"https:\/\/www.bymar-park.com\/ca\/#organization","name":"Bymar Park S.L.","url":"https:\/\/www.bymar-park.com\/ca\/","logo":{"@type":"ImageObject","inLanguage":"ca","@id":"https:\/\/www.bymar-park.com\/ca\/#\/schema\/logo\/image\/","url":"https:\/\/www.bymar-park.com\/wp-content\/uploads\/2021\/04\/bymar-park-logo.png","contentUrl":"https:\/\/www.bymar-park.com\/wp-content\/uploads\/2021\/04\/bymar-park-logo.png","width":442,"height":442,"caption":"Bymar Park S.L."},"image":{"@id":"https:\/\/www.bymar-park.com\/ca\/#\/schema\/logo\/image\/"}}]}},"_links":{"self":[{"href":"https:\/\/www.bymar-park.com\/ca\/wp-json\/wp\/v2\/pages\/3192","targetHints":{"allow":["GET"]}}],"collection":[{"href":"https:\/\/www.bymar-park.com\/ca\/wp-json\/wp\/v2\/pages"}],"about":[{"href":"https:\/\/www.bymar-park.com\/ca\/wp-json\/wp\/v2\/types\/page"}],"author":[{"embeddable":true,"href":"https:\/\/www.bymar-park.com\/ca\/wp-json\/wp\/v2\/users\/1"}],"replies":[{"embeddable":true,"href":"https:\/\/www.bymar-park.com\/ca\/wp-json\/wp\/v2\/comments?post=3192"}],"version-history":[{"count":1,"href":"https:\/\/www.bymar-park.com\/ca\/wp-json\/wp\/v2\/pages\/3192\/revisions"}],"predecessor-version":[{"id":3193,"href":"https:\/\/www.bymar-park.com\/ca\/wp-json\/wp\/v2\/pages\/3192\/revisions\/3193"}],"wp:attachment":[{"href":"https:\/\/www.bymar-park.com\/ca\/wp-json\/wp\/v2\/media?parent=3192"}],"curies":[{"name":"wp","href":"https:\/\/api.w.org\/{rel}","templated":true}]}}