{"id":2338,"date":"2022-05-24T16:08:48","date_gmt":"2022-05-24T14:08:48","guid":{"rendered":"https:\/\/www.bymar-park.com\/politica-de-qualitat\/"},"modified":"2022-05-24T16:09:25","modified_gmt":"2022-05-24T14:09:25","slug":"politica-de-qualitat","status":"publish","type":"page","link":"https:\/\/www.bymar-park.com\/ca\/politica-de-qualitat\/","title":{"rendered":"Pol\u00edtica de qualitat"},"content":{"rendered":"\n<p><strong>Bymar Park<\/strong>, empresa amb 25 anys de pres\u00e8ncia al sector de l&#8217;aparcament p\u00fablic i privat, es distingeix per posar al mercat productes i serveis d&#8217;alta qualitat. T\u00e9 la missi\u00f3 d&#8217;elevar els est\u00e0ndards i les tecnologies del sector, orientats a proporcionar als seus clients productes i serveis que compleixin plenament tots els seus requisits i expectatives.<\/p>\n\n<p>L&#8217;objectiu d&#8217;aquesta Pol\u00edtica de Qualitat \u00e9s la consolidaci\u00f3 de <strong>millorar cont\u00ednuament<\/strong> l&#8217;exercici, refor\u00e7ant la confian\u00e7a dels nostres clients i oferint un servei integral, responsable, legal i transparent en la gesti\u00f3.<\/p>\n\n<p>D&#8217;acord amb aquesta Pol\u00edtica establim Objectius de Qualitat a tots els nivells de l&#8217;empresa, fent el seguiment del seu grau de compliment, de manera que puguem mesurar la millora cont\u00ednua.<\/p>\n\n<p>Tenim com a compromisos:<\/p>\n\n<ul class=\"wp-block-list\"><li><strong>Complir els requisits aplicables<\/strong> per aconseguir la millora cont\u00ednua del sistema de gesti\u00f3 de qualitat.<\/li><li>Augmentar la satisfacci\u00f3 dels nostres clients.<\/li><li>Millorar la qualitat dels nostres productes.<\/li><li>Millorar cont\u00ednuament l&#8217;organitzaci\u00f3 interna i l&#8217;efic\u00e0cia dels nostres processos i sistemes.<\/li><\/ul>\n<p>La Direcci\u00f3 de <strong>Bymar Park<\/strong> revisa peri\u00f2dicament el sistema de gesti\u00f3 de qualitat, per assegurar-se la seva conveni\u00e8ncia, adequaci\u00f3 i efic\u00e0cia cont\u00ednues. En aquesta revisi\u00f3 s&#8217;avaluen les oportunitats de millora del sistema, els riscos, el control dels processos, i es detecten les necessitats d&#8217;efectuar canvis al Sistema de Gesti\u00f3, incloent-hi la Pol\u00edtica i els Objectius de Qualitat.<\/p>\n\n<p>La Direcci\u00f3 de <strong>Bymar Park<\/strong> reconeix que per al compliment dels objectius i els requeriments del sistema de qualitat \u00e9s essencial la plena participaci\u00f3 de tots els treballadors i prove\u00efdors de l&#8217;empresa, proporcionant els recursos necessaris per a aquest compliment.<\/p>\n\n<p><strong>La Direcci\u00f3<\/strong>&#13;\n<em>Abril 2022<\/em><\/p>\n","protected":false},"excerpt":{"rendered":"<p>Bymar Park, empresa amb 25 anys de pres\u00e8ncia al sector de l&#8217;aparcament p\u00fablic i privat, es distingeix per posar al mercat productes i serveis d&#8217;alta qualitat. T\u00e9 la missi\u00f3 d&#8217;elevar els est\u00e0ndards i les tecnologies del sector, orientats a proporcionar als seus clients productes i serveis que compleixin plenament tots els seus requisits i expectatives. [&hellip;]<\/p>\n","protected":false},"author":1,"featured_media":0,"parent":0,"menu_order":0,"comment_status":"closed","ping_status":"closed","template":"","meta":{"_acf_changed":false,"_monsterinsights_skip_tracking":false,"_monsterinsights_sitenote_active":false,"_monsterinsights_sitenote_note":"","_monsterinsights_sitenote_category":0,"footnotes":""},"class_list":["post-2338","page","type-page","status-publish","hentry"],"acf":[],"yoast_head":"<!-- This site is optimized with the Yoast SEO plugin v27.4 - https:\/\/yoast.com\/product\/yoast-seo-wordpress\/ -->\n<title>Pol\u00edtica de qualitat - Bymar Park<\/title>\n<meta name=\"robots\" content=\"index, follow, max-snippet:-1, max-image-preview:large, max-video-preview:-1\" \/>\n<link rel=\"canonical\" href=\"https:\/\/www.bymar-park.com\/ca\/politica-de-qualitat\/\" \/>\n<meta property=\"og:locale\" content=\"ca_ES\" \/>\n<meta property=\"og:type\" content=\"article\" \/>\n<meta property=\"og:title\" content=\"Pol\u00edtica de qualitat - Bymar Park\" \/>\n<meta property=\"og:description\" content=\"Bymar Park, empresa amb 25 anys de pres\u00e8ncia al sector de l&#8217;aparcament p\u00fablic i privat, es distingeix per posar al mercat productes i serveis d&#8217;alta qualitat. T\u00e9 la missi\u00f3 d&#8217;elevar els est\u00e0ndards i les tecnologies del sector, orientats a proporcionar als seus clients productes i serveis que compleixin plenament tots els seus requisits i expectatives. [&hellip;]\" \/>\n<meta property=\"og:url\" content=\"https:\/\/www.bymar-park.com\/ca\/politica-de-qualitat\/\" \/>\n<meta property=\"og:site_name\" content=\"Bymar Park\" \/>\n<meta property=\"article:modified_time\" content=\"2022-05-24T14:09:25+00:00\" \/>\n<meta name=\"twitter:card\" content=\"summary_large_image\" \/>\n<meta name=\"twitter:label1\" content=\"Temps estimat de lectura\" \/>\n\t<meta name=\"twitter:data1\" content=\"1 minut\" \/>\n<script type=\"application\/ld+json\" class=\"yoast-schema-graph\">{\"@context\":\"https:\\\/\\\/schema.org\",\"@graph\":[{\"@type\":\"WebPage\",\"@id\":\"https:\\\/\\\/www.bymar-park.com\\\/ca\\\/politica-de-qualitat\\\/\",\"url\":\"https:\\\/\\\/www.bymar-park.com\\\/ca\\\/politica-de-qualitat\\\/\",\"name\":\"Pol\u00edtica de qualitat - Bymar Park\",\"isPartOf\":{\"@id\":\"https:\\\/\\\/www.bymar-park.com\\\/ca\\\/#website\"},\"datePublished\":\"2022-05-24T14:08:48+00:00\",\"dateModified\":\"2022-05-24T14:09:25+00:00\",\"breadcrumb\":{\"@id\":\"https:\\\/\\\/www.bymar-park.com\\\/ca\\\/politica-de-qualitat\\\/#breadcrumb\"},\"inLanguage\":\"ca\",\"potentialAction\":[{\"@type\":\"ReadAction\",\"target\":[\"https:\\\/\\\/www.bymar-park.com\\\/ca\\\/politica-de-qualitat\\\/\"]}]},{\"@type\":\"BreadcrumbList\",\"@id\":\"https:\\\/\\\/www.bymar-park.com\\\/ca\\\/politica-de-qualitat\\\/#breadcrumb\",\"itemListElement\":[{\"@type\":\"ListItem\",\"position\":1,\"name\":\"Inicio\",\"item\":\"https:\\\/\\\/www.bymar-park.com\\\/ca\\\/\"},{\"@type\":\"ListItem\",\"position\":2,\"name\":\"Pol\u00edtica de qualitat\"}]},{\"@type\":\"WebSite\",\"@id\":\"https:\\\/\\\/www.bymar-park.com\\\/ca\\\/#website\",\"url\":\"https:\\\/\\\/www.bymar-park.com\\\/ca\\\/\",\"name\":\"Bymar Park\",\"description\":\"Tecnologia al parking\",\"publisher\":{\"@id\":\"https:\\\/\\\/www.bymar-park.com\\\/ca\\\/#organization\"},\"potentialAction\":[{\"@type\":\"SearchAction\",\"target\":{\"@type\":\"EntryPoint\",\"urlTemplate\":\"https:\\\/\\\/www.bymar-park.com\\\/ca\\\/?s={search_term_string}\"},\"query-input\":{\"@type\":\"PropertyValueSpecification\",\"valueRequired\":true,\"valueName\":\"search_term_string\"}}],\"inLanguage\":\"ca\"},{\"@type\":\"Organization\",\"@id\":\"https:\\\/\\\/www.bymar-park.com\\\/ca\\\/#organization\",\"name\":\"Bymar Park S.L.\",\"url\":\"https:\\\/\\\/www.bymar-park.com\\\/ca\\\/\",\"logo\":{\"@type\":\"ImageObject\",\"inLanguage\":\"ca\",\"@id\":\"https:\\\/\\\/www.bymar-park.com\\\/ca\\\/#\\\/schema\\\/logo\\\/image\\\/\",\"url\":\"https:\\\/\\\/www.bymar-park.com\\\/wp-content\\\/uploads\\\/2021\\\/04\\\/bymar-park-logo.png\",\"contentUrl\":\"https:\\\/\\\/www.bymar-park.com\\\/wp-content\\\/uploads\\\/2021\\\/04\\\/bymar-park-logo.png\",\"width\":442,\"height\":442,\"caption\":\"Bymar Park S.L.\"},\"image\":{\"@id\":\"https:\\\/\\\/www.bymar-park.com\\\/ca\\\/#\\\/schema\\\/logo\\\/image\\\/\"}}]}<\/script>\n<!-- \/ Yoast SEO plugin. -->","yoast_head_json":{"title":"Pol\u00edtica de qualitat - Bymar Park","robots":{"index":"index","follow":"follow","max-snippet":"max-snippet:-1","max-image-preview":"max-image-preview:large","max-video-preview":"max-video-preview:-1"},"canonical":"https:\/\/www.bymar-park.com\/ca\/politica-de-qualitat\/","og_locale":"ca_ES","og_type":"article","og_title":"Pol\u00edtica de qualitat - Bymar Park","og_description":"Bymar Park, empresa amb 25 anys de pres\u00e8ncia al sector de l&#8217;aparcament p\u00fablic i privat, es distingeix per posar al mercat productes i serveis d&#8217;alta qualitat. T\u00e9 la missi\u00f3 d&#8217;elevar els est\u00e0ndards i les tecnologies del sector, orientats a proporcionar als seus clients productes i serveis que compleixin plenament tots els seus requisits i expectatives. [&hellip;]","og_url":"https:\/\/www.bymar-park.com\/ca\/politica-de-qualitat\/","og_site_name":"Bymar Park","article_modified_time":"2022-05-24T14:09:25+00:00","twitter_card":"summary_large_image","twitter_misc":{"Temps estimat de lectura":"1 minut"},"schema":{"@context":"https:\/\/schema.org","@graph":[{"@type":"WebPage","@id":"https:\/\/www.bymar-park.com\/ca\/politica-de-qualitat\/","url":"https:\/\/www.bymar-park.com\/ca\/politica-de-qualitat\/","name":"Pol\u00edtica de qualitat - Bymar Park","isPartOf":{"@id":"https:\/\/www.bymar-park.com\/ca\/#website"},"datePublished":"2022-05-24T14:08:48+00:00","dateModified":"2022-05-24T14:09:25+00:00","breadcrumb":{"@id":"https:\/\/www.bymar-park.com\/ca\/politica-de-qualitat\/#breadcrumb"},"inLanguage":"ca","potentialAction":[{"@type":"ReadAction","target":["https:\/\/www.bymar-park.com\/ca\/politica-de-qualitat\/"]}]},{"@type":"BreadcrumbList","@id":"https:\/\/www.bymar-park.com\/ca\/politica-de-qualitat\/#breadcrumb","itemListElement":[{"@type":"ListItem","position":1,"name":"Inicio","item":"https:\/\/www.bymar-park.com\/ca\/"},{"@type":"ListItem","position":2,"name":"Pol\u00edtica de qualitat"}]},{"@type":"WebSite","@id":"https:\/\/www.bymar-park.com\/ca\/#website","url":"https:\/\/www.bymar-park.com\/ca\/","name":"Bymar Park","description":"Tecnologia al parking","publisher":{"@id":"https:\/\/www.bymar-park.com\/ca\/#organization"},"potentialAction":[{"@type":"SearchAction","target":{"@type":"EntryPoint","urlTemplate":"https:\/\/www.bymar-park.com\/ca\/?s={search_term_string}"},"query-input":{"@type":"PropertyValueSpecification","valueRequired":true,"valueName":"search_term_string"}}],"inLanguage":"ca"},{"@type":"Organization","@id":"https:\/\/www.bymar-park.com\/ca\/#organization","name":"Bymar Park S.L.","url":"https:\/\/www.bymar-park.com\/ca\/","logo":{"@type":"ImageObject","inLanguage":"ca","@id":"https:\/\/www.bymar-park.com\/ca\/#\/schema\/logo\/image\/","url":"https:\/\/www.bymar-park.com\/wp-content\/uploads\/2021\/04\/bymar-park-logo.png","contentUrl":"https:\/\/www.bymar-park.com\/wp-content\/uploads\/2021\/04\/bymar-park-logo.png","width":442,"height":442,"caption":"Bymar Park S.L."},"image":{"@id":"https:\/\/www.bymar-park.com\/ca\/#\/schema\/logo\/image\/"}}]}},"_links":{"self":[{"href":"https:\/\/www.bymar-park.com\/ca\/wp-json\/wp\/v2\/pages\/2338","targetHints":{"allow":["GET"]}}],"collection":[{"href":"https:\/\/www.bymar-park.com\/ca\/wp-json\/wp\/v2\/pages"}],"about":[{"href":"https:\/\/www.bymar-park.com\/ca\/wp-json\/wp\/v2\/types\/page"}],"author":[{"embeddable":true,"href":"https:\/\/www.bymar-park.com\/ca\/wp-json\/wp\/v2\/users\/1"}],"replies":[{"embeddable":true,"href":"https:\/\/www.bymar-park.com\/ca\/wp-json\/wp\/v2\/comments?post=2338"}],"version-history":[{"count":2,"href":"https:\/\/www.bymar-park.com\/ca\/wp-json\/wp\/v2\/pages\/2338\/revisions"}],"predecessor-version":[{"id":2342,"href":"https:\/\/www.bymar-park.com\/ca\/wp-json\/wp\/v2\/pages\/2338\/revisions\/2342"}],"wp:attachment":[{"href":"https:\/\/www.bymar-park.com\/ca\/wp-json\/wp\/v2\/media?parent=2338"}],"curies":[{"name":"wp","href":"https:\/\/api.w.org\/{rel}","templated":true}]}}