{"id":12469,"date":"2025-11-12T21:31:17","date_gmt":"2025-11-12T20:31:17","guid":{"rendered":"https:\/\/www.bymar-park.com\/sectors-i-solucions\/"},"modified":"2025-11-12T21:31:17","modified_gmt":"2025-11-12T20:31:17","slug":"sectors-i-solucions","status":"publish","type":"page","link":"https:\/\/www.bymar-park.com\/ca\/sectors-i-solucions\/","title":{"rendered":"Sectors i solucions"},"content":{"rendered":"\n<p>La nostra l\u00ednia de <strong>m\u00e0quines per a p\u00e0rquings<\/strong> est\u00e0 dissenyada per satisfer les necessitats espec\u00edfiques de control i gesti\u00f3 d&#8217;aparcaments en una <strong>\u00e0mplia varietat de sectors<\/strong>. Ja sigui en aeroports, centres comercials, hotels, centres log\u00edstics o qualsevol altre entorn, les nostres solucions ofereixen una gesti\u00f3 eficient i segura dels espais d&#8217;estacionament.<\/p>\n\n<p>Contacta amb nosaltres per obtenir m\u00e9s informaci\u00f3 i un <strong>pressupost personalitzat<\/strong>, ajustat a les necessitats del teu aparcament, independentment del sector on estigui ubicat.<\/p>\n","protected":false},"excerpt":{"rendered":"<p>La nostra l\u00ednia de m\u00e0quines per a p\u00e0rquings est\u00e0 dissenyada per satisfer les necessitats espec\u00edfiques de control i gesti\u00f3 d&#8217;aparcaments en una \u00e0mplia varietat de sectors. Ja sigui en aeroports, centres comercials, hotels, centres log\u00edstics o qualsevol altre entorn, les nostres solucions ofereixen una gesti\u00f3 eficient i segura dels espais d&#8217;estacionament. Contacta amb nosaltres per [&hellip;]<\/p>\n","protected":false},"author":1,"featured_media":0,"parent":0,"menu_order":0,"comment_status":"closed","ping_status":"closed","template":"templates\/sectors.php","meta":{"_acf_changed":false,"_monsterinsights_skip_tracking":false,"_monsterinsights_sitenote_active":false,"_monsterinsights_sitenote_note":"","_monsterinsights_sitenote_category":0,"footnotes":""},"class_list":["post-12469","page","type-page","status-publish","hentry"],"acf":[],"yoast_head":"<!-- This site is optimized with the Yoast SEO plugin v27.4 - https:\/\/yoast.com\/product\/yoast-seo-wordpress\/ -->\n<title>Sectors i solucions - Bymar Park<\/title>\n<meta name=\"robots\" content=\"index, follow, max-snippet:-1, max-image-preview:large, max-video-preview:-1\" \/>\n<link rel=\"canonical\" href=\"https:\/\/www.bymar-park.com\/ca\/sectors-i-solucions\/\" \/>\n<meta property=\"og:locale\" content=\"ca_ES\" \/>\n<meta property=\"og:type\" content=\"article\" \/>\n<meta property=\"og:title\" content=\"Sectors i solucions - Bymar Park\" \/>\n<meta property=\"og:description\" content=\"La nostra l\u00ednia de m\u00e0quines per a p\u00e0rquings est\u00e0 dissenyada per satisfer les necessitats espec\u00edfiques de control i gesti\u00f3 d&#8217;aparcaments en una \u00e0mplia varietat de sectors. Ja sigui en aeroports, centres comercials, hotels, centres log\u00edstics o qualsevol altre entorn, les nostres solucions ofereixen una gesti\u00f3 eficient i segura dels espais d&#8217;estacionament. Contacta amb nosaltres per [&hellip;]\" \/>\n<meta property=\"og:url\" content=\"https:\/\/www.bymar-park.com\/ca\/sectors-i-solucions\/\" \/>\n<meta property=\"og:site_name\" content=\"Bymar Park\" \/>\n<meta name=\"twitter:card\" content=\"summary_large_image\" \/>\n<script type=\"application\/ld+json\" class=\"yoast-schema-graph\">{\"@context\":\"https:\\\/\\\/schema.org\",\"@graph\":[{\"@type\":\"WebPage\",\"@id\":\"https:\\\/\\\/www.bymar-park.com\\\/ca\\\/sectors-i-solucions\\\/\",\"url\":\"https:\\\/\\\/www.bymar-park.com\\\/ca\\\/sectors-i-solucions\\\/\",\"name\":\"Sectors i solucions - Bymar Park\",\"isPartOf\":{\"@id\":\"https:\\\/\\\/www.bymar-park.com\\\/ca\\\/#website\"},\"datePublished\":\"2025-11-12T20:31:17+00:00\",\"breadcrumb\":{\"@id\":\"https:\\\/\\\/www.bymar-park.com\\\/ca\\\/sectors-i-solucions\\\/#breadcrumb\"},\"inLanguage\":\"ca\",\"potentialAction\":[{\"@type\":\"ReadAction\",\"target\":[\"https:\\\/\\\/www.bymar-park.com\\\/ca\\\/sectors-i-solucions\\\/\"]}]},{\"@type\":\"BreadcrumbList\",\"@id\":\"https:\\\/\\\/www.bymar-park.com\\\/ca\\\/sectors-i-solucions\\\/#breadcrumb\",\"itemListElement\":[{\"@type\":\"ListItem\",\"position\":1,\"name\":\"Inicio\",\"item\":\"https:\\\/\\\/www.bymar-park.com\\\/ca\\\/\"},{\"@type\":\"ListItem\",\"position\":2,\"name\":\"Sectors i solucions\"}]},{\"@type\":\"WebSite\",\"@id\":\"https:\\\/\\\/www.bymar-park.com\\\/ca\\\/#website\",\"url\":\"https:\\\/\\\/www.bymar-park.com\\\/ca\\\/\",\"name\":\"Bymar Park\",\"description\":\"Tecnologia al parking\",\"publisher\":{\"@id\":\"https:\\\/\\\/www.bymar-park.com\\\/ca\\\/#organization\"},\"potentialAction\":[{\"@type\":\"SearchAction\",\"target\":{\"@type\":\"EntryPoint\",\"urlTemplate\":\"https:\\\/\\\/www.bymar-park.com\\\/ca\\\/?s={search_term_string}\"},\"query-input\":{\"@type\":\"PropertyValueSpecification\",\"valueRequired\":true,\"valueName\":\"search_term_string\"}}],\"inLanguage\":\"ca\"},{\"@type\":\"Organization\",\"@id\":\"https:\\\/\\\/www.bymar-park.com\\\/ca\\\/#organization\",\"name\":\"Bymar Park S.L.\",\"url\":\"https:\\\/\\\/www.bymar-park.com\\\/ca\\\/\",\"logo\":{\"@type\":\"ImageObject\",\"inLanguage\":\"ca\",\"@id\":\"https:\\\/\\\/www.bymar-park.com\\\/ca\\\/#\\\/schema\\\/logo\\\/image\\\/\",\"url\":\"https:\\\/\\\/www.bymar-park.com\\\/wp-content\\\/uploads\\\/2021\\\/04\\\/bymar-park-logo.png\",\"contentUrl\":\"https:\\\/\\\/www.bymar-park.com\\\/wp-content\\\/uploads\\\/2021\\\/04\\\/bymar-park-logo.png\",\"width\":442,\"height\":442,\"caption\":\"Bymar Park S.L.\"},\"image\":{\"@id\":\"https:\\\/\\\/www.bymar-park.com\\\/ca\\\/#\\\/schema\\\/logo\\\/image\\\/\"}}]}<\/script>\n<!-- \/ Yoast SEO plugin. -->","yoast_head_json":{"title":"Sectors i solucions - Bymar Park","robots":{"index":"index","follow":"follow","max-snippet":"max-snippet:-1","max-image-preview":"max-image-preview:large","max-video-preview":"max-video-preview:-1"},"canonical":"https:\/\/www.bymar-park.com\/ca\/sectors-i-solucions\/","og_locale":"ca_ES","og_type":"article","og_title":"Sectors i solucions - Bymar Park","og_description":"La nostra l\u00ednia de m\u00e0quines per a p\u00e0rquings est\u00e0 dissenyada per satisfer les necessitats espec\u00edfiques de control i gesti\u00f3 d&#8217;aparcaments en una \u00e0mplia varietat de sectors. Ja sigui en aeroports, centres comercials, hotels, centres log\u00edstics o qualsevol altre entorn, les nostres solucions ofereixen una gesti\u00f3 eficient i segura dels espais d&#8217;estacionament. Contacta amb nosaltres per [&hellip;]","og_url":"https:\/\/www.bymar-park.com\/ca\/sectors-i-solucions\/","og_site_name":"Bymar Park","twitter_card":"summary_large_image","schema":{"@context":"https:\/\/schema.org","@graph":[{"@type":"WebPage","@id":"https:\/\/www.bymar-park.com\/ca\/sectors-i-solucions\/","url":"https:\/\/www.bymar-park.com\/ca\/sectors-i-solucions\/","name":"Sectors i solucions - Bymar Park","isPartOf":{"@id":"https:\/\/www.bymar-park.com\/ca\/#website"},"datePublished":"2025-11-12T20:31:17+00:00","breadcrumb":{"@id":"https:\/\/www.bymar-park.com\/ca\/sectors-i-solucions\/#breadcrumb"},"inLanguage":"ca","potentialAction":[{"@type":"ReadAction","target":["https:\/\/www.bymar-park.com\/ca\/sectors-i-solucions\/"]}]},{"@type":"BreadcrumbList","@id":"https:\/\/www.bymar-park.com\/ca\/sectors-i-solucions\/#breadcrumb","itemListElement":[{"@type":"ListItem","position":1,"name":"Inicio","item":"https:\/\/www.bymar-park.com\/ca\/"},{"@type":"ListItem","position":2,"name":"Sectors i solucions"}]},{"@type":"WebSite","@id":"https:\/\/www.bymar-park.com\/ca\/#website","url":"https:\/\/www.bymar-park.com\/ca\/","name":"Bymar Park","description":"Tecnologia al parking","publisher":{"@id":"https:\/\/www.bymar-park.com\/ca\/#organization"},"potentialAction":[{"@type":"SearchAction","target":{"@type":"EntryPoint","urlTemplate":"https:\/\/www.bymar-park.com\/ca\/?s={search_term_string}"},"query-input":{"@type":"PropertyValueSpecification","valueRequired":true,"valueName":"search_term_string"}}],"inLanguage":"ca"},{"@type":"Organization","@id":"https:\/\/www.bymar-park.com\/ca\/#organization","name":"Bymar Park S.L.","url":"https:\/\/www.bymar-park.com\/ca\/","logo":{"@type":"ImageObject","inLanguage":"ca","@id":"https:\/\/www.bymar-park.com\/ca\/#\/schema\/logo\/image\/","url":"https:\/\/www.bymar-park.com\/wp-content\/uploads\/2021\/04\/bymar-park-logo.png","contentUrl":"https:\/\/www.bymar-park.com\/wp-content\/uploads\/2021\/04\/bymar-park-logo.png","width":442,"height":442,"caption":"Bymar Park S.L."},"image":{"@id":"https:\/\/www.bymar-park.com\/ca\/#\/schema\/logo\/image\/"}}]}},"_links":{"self":[{"href":"https:\/\/www.bymar-park.com\/ca\/wp-json\/wp\/v2\/pages\/12469","targetHints":{"allow":["GET"]}}],"collection":[{"href":"https:\/\/www.bymar-park.com\/ca\/wp-json\/wp\/v2\/pages"}],"about":[{"href":"https:\/\/www.bymar-park.com\/ca\/wp-json\/wp\/v2\/types\/page"}],"author":[{"embeddable":true,"href":"https:\/\/www.bymar-park.com\/ca\/wp-json\/wp\/v2\/users\/1"}],"replies":[{"embeddable":true,"href":"https:\/\/www.bymar-park.com\/ca\/wp-json\/wp\/v2\/comments?post=12469"}],"version-history":[{"count":1,"href":"https:\/\/www.bymar-park.com\/ca\/wp-json\/wp\/v2\/pages\/12469\/revisions"}],"predecessor-version":[{"id":12470,"href":"https:\/\/www.bymar-park.com\/ca\/wp-json\/wp\/v2\/pages\/12469\/revisions\/12470"}],"wp:attachment":[{"href":"https:\/\/www.bymar-park.com\/ca\/wp-json\/wp\/v2\/media?parent=12469"}],"curies":[{"name":"wp","href":"https:\/\/api.w.org\/{rel}","templated":true}]}}