{"id":10662,"date":"2024-10-06T11:11:24","date_gmt":"2024-10-06T09:11:24","guid":{"rendered":"https:\/\/www.bymar-park.com\/?page_id=10662"},"modified":"2024-10-09T18:31:58","modified_gmt":"2024-10-09T16:31:58","slug":"politica-mediambiental","status":"publish","type":"page","link":"https:\/\/www.bymar-park.com\/ca\/politica-mediambiental\/","title":{"rendered":"Pol\u00edtica mediambiental"},"content":{"rendered":"\n<p><strong>Bymar Park<\/strong>, empresa amb 25 anys de pres\u00e8ncia en el sector de l\u2019aparcament p\u00fablic i privat, \u00e9s una empresa <strong>compromesa amb el nostre planeta<\/strong>. Amb la finalitat de protegir el medi ambient i prevenir la contaminaci\u00f3, treballa de manera continuada per reduir els impactes ambientals generats en els processos productius, administratius i operatius, basant-se en el principi de responsabilitat, prevenci\u00f3, substituci\u00f3 i cooperaci\u00f3.<\/p>\n\n\n\n<p>Els principals \u00e0mbits d\u2019actuaci\u00f3 s\u00f3n:<\/p>\n\n\n\n<h2 class=\"wp-block-heading\">1. Energia i emissions<\/h2>\n\n\n\n<p>Despr\u00e9s d\u2019estudiar els principals aspectes ambientals, s\u2019han pres les seg\u00fcents accions directes per minimitzar consums i emissions.<\/p>\n\n\n\n<ol class=\"wp-block-list\">\n<li><\/li>\n<\/ol>\n\n\n\n<h3 class=\"wp-block-heading\">1.1. Reducci\u00f3 del consum el\u00e8ctric de la planta<\/h3>\n\n\n\n<ul class=\"wp-block-list\">\n<li>Eliminaci\u00f3 i\/o substituci\u00f3 d\u2019equips per equivalents amb millores en consum i efici\u00e8ncia en maquin\u00e0ria industrial, il\u00b7luminaci\u00f3 i equips inform\u00e0tics.<\/li>\n<\/ul>\n\n\n\n<h3 class=\"wp-block-heading\">1.2. Fonts d\u2019energia renovables<\/h3>\n\n\n\n<ul class=\"wp-block-list\">\n<li>Instal\u00b7laci\u00f3 de plaques fotovoltaiques a la coberta per cobrir el 70% del consum.<\/li>\n<\/ul>\n\n\n\n<h3 class=\"wp-block-heading\">1.3. Emissions dels vehicles<\/h3>\n\n\n\n<ul class=\"wp-block-list\">\n<li>Substituci\u00f3 dels vehicles de combusti\u00f3 de la flota per vehicles 100% el\u00e8ctrics.<\/li>\n\n\n\n<li>Actualment, el 30% dels vehicles s\u00f3n 100% el\u00e8ctrics.<\/li>\n<\/ul>\n\n\n\n<h2 class=\"wp-block-heading\">2. Economia circular<\/h2>\n\n\n\n<p>Fomentem l\u2019\u00fas eficient de materials i recursos per reduir-ne el consum.<\/p>\n\n\n\n<ul class=\"wp-block-list\">\n<li>Reutilitzaci\u00f3 de materials i reciclatge sectoritzat per paper, envasos i electr\u00f2nica.<\/li>\n\n\n\n<li>Evitar la impressi\u00f3 de documents fomentant el format digital.<\/li>\n<\/ul>\n\n\n\n<h2 class=\"wp-block-heading\">3. Col\u00b7laboraci\u00f3 amb el client<\/h2>\n\n\n\n<p>En el nostre sector industrial enfocat en la mobilitat, tenim un impacte directe en la millora mediambiental dels nostres clients:<\/p>\n\n\n\n<ul class=\"wp-block-list\">\n<li>Renovaci\u00f3 de maquin\u00e0ria amb sistemes m\u00e9s eficients i sostenibles.<\/li>\n\n\n\n<li>Instal\u00b7lacions de punts de rec\u00e0rrega de vehicle el\u00e8ctric que faciliten la implantaci\u00f3 i creixement de l\u2019\u00fas del vehicle el\u00e8ctric.<\/li>\n<\/ul>\n\n\n\n<h2 class=\"wp-block-heading\">4. Millora cont\u00ednua<\/h2>\n\n\n\n<ul class=\"wp-block-list\">\n<li>Formaci\u00f3, comunicaci\u00f3 i bones pr\u00e0ctiques per als treballadors.<\/li>\n\n\n\n<li>Control i an\u00e0lisi del consum el\u00e8ctric en temps real mitjan\u00e7ant sistemes de monitoritzaci\u00f3.<\/li>\n<\/ul>\n\n\n\n<p><strong>La Direcci\u00f3<br><\/strong><em>Juny 2024<\/em><\/p>\n","protected":false},"excerpt":{"rendered":"<p>Bymar Park, empresa amb 25 anys de pres\u00e8ncia en el sector de l\u2019aparcament p\u00fablic i privat, \u00e9s una empresa compromesa amb el nostre planeta. Amb la finalitat de protegir el medi ambient i prevenir la contaminaci\u00f3, treballa de manera continuada per reduir els impactes ambientals generats en els processos productius, administratius i operatius, basant-se en [&hellip;]<\/p>\n","protected":false},"author":1,"featured_media":0,"parent":0,"menu_order":0,"comment_status":"closed","ping_status":"closed","template":"","meta":{"_acf_changed":false,"_monsterinsights_skip_tracking":false,"_monsterinsights_sitenote_active":false,"_monsterinsights_sitenote_note":"","_monsterinsights_sitenote_category":0,"footnotes":""},"class_list":["post-10662","page","type-page","status-publish","hentry"],"acf":[],"yoast_head":"<!-- This site is optimized with the Yoast SEO plugin v27.4 - https:\/\/yoast.com\/product\/yoast-seo-wordpress\/ -->\n<title>Pol\u00edtica mediambiental - Bymar Park<\/title>\n<meta name=\"robots\" content=\"index, follow, max-snippet:-1, max-image-preview:large, max-video-preview:-1\" \/>\n<link rel=\"canonical\" href=\"https:\/\/www.bymar-park.com\/ca\/politica-mediambiental\/\" \/>\n<meta property=\"og:locale\" content=\"ca_ES\" \/>\n<meta property=\"og:type\" content=\"article\" \/>\n<meta property=\"og:title\" content=\"Pol\u00edtica mediambiental - Bymar Park\" \/>\n<meta property=\"og:description\" content=\"Bymar Park, empresa amb 25 anys de pres\u00e8ncia en el sector de l\u2019aparcament p\u00fablic i privat, \u00e9s una empresa compromesa amb el nostre planeta. Amb la finalitat de protegir el medi ambient i prevenir la contaminaci\u00f3, treballa de manera continuada per reduir els impactes ambientals generats en els processos productius, administratius i operatius, basant-se en [&hellip;]\" \/>\n<meta property=\"og:url\" content=\"https:\/\/www.bymar-park.com\/ca\/politica-mediambiental\/\" \/>\n<meta property=\"og:site_name\" content=\"Bymar Park\" \/>\n<meta property=\"article:modified_time\" content=\"2024-10-09T16:31:58+00:00\" \/>\n<meta name=\"twitter:card\" content=\"summary_large_image\" \/>\n<meta name=\"twitter:label1\" content=\"Temps estimat de lectura\" \/>\n\t<meta name=\"twitter:data1\" content=\"2 minuts\" \/>\n<script type=\"application\/ld+json\" class=\"yoast-schema-graph\">{\"@context\":\"https:\\\/\\\/schema.org\",\"@graph\":[{\"@type\":\"WebPage\",\"@id\":\"https:\\\/\\\/www.bymar-park.com\\\/ca\\\/politica-mediambiental\\\/\",\"url\":\"https:\\\/\\\/www.bymar-park.com\\\/ca\\\/politica-mediambiental\\\/\",\"name\":\"Pol\u00edtica mediambiental - Bymar Park\",\"isPartOf\":{\"@id\":\"https:\\\/\\\/www.bymar-park.com\\\/ca\\\/#website\"},\"datePublished\":\"2024-10-06T09:11:24+00:00\",\"dateModified\":\"2024-10-09T16:31:58+00:00\",\"breadcrumb\":{\"@id\":\"https:\\\/\\\/www.bymar-park.com\\\/ca\\\/politica-mediambiental\\\/#breadcrumb\"},\"inLanguage\":\"ca\",\"potentialAction\":[{\"@type\":\"ReadAction\",\"target\":[\"https:\\\/\\\/www.bymar-park.com\\\/ca\\\/politica-mediambiental\\\/\"]}]},{\"@type\":\"BreadcrumbList\",\"@id\":\"https:\\\/\\\/www.bymar-park.com\\\/ca\\\/politica-mediambiental\\\/#breadcrumb\",\"itemListElement\":[{\"@type\":\"ListItem\",\"position\":1,\"name\":\"Inicio\",\"item\":\"https:\\\/\\\/www.bymar-park.com\\\/ca\\\/\"},{\"@type\":\"ListItem\",\"position\":2,\"name\":\"Pol\u00edtica mediambiental\"}]},{\"@type\":\"WebSite\",\"@id\":\"https:\\\/\\\/www.bymar-park.com\\\/ca\\\/#website\",\"url\":\"https:\\\/\\\/www.bymar-park.com\\\/ca\\\/\",\"name\":\"Bymar Park\",\"description\":\"Tecnologia al parking\",\"publisher\":{\"@id\":\"https:\\\/\\\/www.bymar-park.com\\\/ca\\\/#organization\"},\"potentialAction\":[{\"@type\":\"SearchAction\",\"target\":{\"@type\":\"EntryPoint\",\"urlTemplate\":\"https:\\\/\\\/www.bymar-park.com\\\/ca\\\/?s={search_term_string}\"},\"query-input\":{\"@type\":\"PropertyValueSpecification\",\"valueRequired\":true,\"valueName\":\"search_term_string\"}}],\"inLanguage\":\"ca\"},{\"@type\":\"Organization\",\"@id\":\"https:\\\/\\\/www.bymar-park.com\\\/ca\\\/#organization\",\"name\":\"Bymar Park S.L.\",\"url\":\"https:\\\/\\\/www.bymar-park.com\\\/ca\\\/\",\"logo\":{\"@type\":\"ImageObject\",\"inLanguage\":\"ca\",\"@id\":\"https:\\\/\\\/www.bymar-park.com\\\/ca\\\/#\\\/schema\\\/logo\\\/image\\\/\",\"url\":\"https:\\\/\\\/www.bymar-park.com\\\/wp-content\\\/uploads\\\/2021\\\/04\\\/bymar-park-logo.png\",\"contentUrl\":\"https:\\\/\\\/www.bymar-park.com\\\/wp-content\\\/uploads\\\/2021\\\/04\\\/bymar-park-logo.png\",\"width\":442,\"height\":442,\"caption\":\"Bymar Park S.L.\"},\"image\":{\"@id\":\"https:\\\/\\\/www.bymar-park.com\\\/ca\\\/#\\\/schema\\\/logo\\\/image\\\/\"}}]}<\/script>\n<!-- \/ Yoast SEO plugin. -->","yoast_head_json":{"title":"Pol\u00edtica mediambiental - Bymar Park","robots":{"index":"index","follow":"follow","max-snippet":"max-snippet:-1","max-image-preview":"max-image-preview:large","max-video-preview":"max-video-preview:-1"},"canonical":"https:\/\/www.bymar-park.com\/ca\/politica-mediambiental\/","og_locale":"ca_ES","og_type":"article","og_title":"Pol\u00edtica mediambiental - Bymar Park","og_description":"Bymar Park, empresa amb 25 anys de pres\u00e8ncia en el sector de l\u2019aparcament p\u00fablic i privat, \u00e9s una empresa compromesa amb el nostre planeta. Amb la finalitat de protegir el medi ambient i prevenir la contaminaci\u00f3, treballa de manera continuada per reduir els impactes ambientals generats en els processos productius, administratius i operatius, basant-se en [&hellip;]","og_url":"https:\/\/www.bymar-park.com\/ca\/politica-mediambiental\/","og_site_name":"Bymar Park","article_modified_time":"2024-10-09T16:31:58+00:00","twitter_card":"summary_large_image","twitter_misc":{"Temps estimat de lectura":"2 minuts"},"schema":{"@context":"https:\/\/schema.org","@graph":[{"@type":"WebPage","@id":"https:\/\/www.bymar-park.com\/ca\/politica-mediambiental\/","url":"https:\/\/www.bymar-park.com\/ca\/politica-mediambiental\/","name":"Pol\u00edtica mediambiental - Bymar Park","isPartOf":{"@id":"https:\/\/www.bymar-park.com\/ca\/#website"},"datePublished":"2024-10-06T09:11:24+00:00","dateModified":"2024-10-09T16:31:58+00:00","breadcrumb":{"@id":"https:\/\/www.bymar-park.com\/ca\/politica-mediambiental\/#breadcrumb"},"inLanguage":"ca","potentialAction":[{"@type":"ReadAction","target":["https:\/\/www.bymar-park.com\/ca\/politica-mediambiental\/"]}]},{"@type":"BreadcrumbList","@id":"https:\/\/www.bymar-park.com\/ca\/politica-mediambiental\/#breadcrumb","itemListElement":[{"@type":"ListItem","position":1,"name":"Inicio","item":"https:\/\/www.bymar-park.com\/ca\/"},{"@type":"ListItem","position":2,"name":"Pol\u00edtica mediambiental"}]},{"@type":"WebSite","@id":"https:\/\/www.bymar-park.com\/ca\/#website","url":"https:\/\/www.bymar-park.com\/ca\/","name":"Bymar Park","description":"Tecnologia al parking","publisher":{"@id":"https:\/\/www.bymar-park.com\/ca\/#organization"},"potentialAction":[{"@type":"SearchAction","target":{"@type":"EntryPoint","urlTemplate":"https:\/\/www.bymar-park.com\/ca\/?s={search_term_string}"},"query-input":{"@type":"PropertyValueSpecification","valueRequired":true,"valueName":"search_term_string"}}],"inLanguage":"ca"},{"@type":"Organization","@id":"https:\/\/www.bymar-park.com\/ca\/#organization","name":"Bymar Park S.L.","url":"https:\/\/www.bymar-park.com\/ca\/","logo":{"@type":"ImageObject","inLanguage":"ca","@id":"https:\/\/www.bymar-park.com\/ca\/#\/schema\/logo\/image\/","url":"https:\/\/www.bymar-park.com\/wp-content\/uploads\/2021\/04\/bymar-park-logo.png","contentUrl":"https:\/\/www.bymar-park.com\/wp-content\/uploads\/2021\/04\/bymar-park-logo.png","width":442,"height":442,"caption":"Bymar Park S.L."},"image":{"@id":"https:\/\/www.bymar-park.com\/ca\/#\/schema\/logo\/image\/"}}]}},"_links":{"self":[{"href":"https:\/\/www.bymar-park.com\/ca\/wp-json\/wp\/v2\/pages\/10662","targetHints":{"allow":["GET"]}}],"collection":[{"href":"https:\/\/www.bymar-park.com\/ca\/wp-json\/wp\/v2\/pages"}],"about":[{"href":"https:\/\/www.bymar-park.com\/ca\/wp-json\/wp\/v2\/types\/page"}],"author":[{"embeddable":true,"href":"https:\/\/www.bymar-park.com\/ca\/wp-json\/wp\/v2\/users\/1"}],"replies":[{"embeddable":true,"href":"https:\/\/www.bymar-park.com\/ca\/wp-json\/wp\/v2\/comments?post=10662"}],"version-history":[{"count":4,"href":"https:\/\/www.bymar-park.com\/ca\/wp-json\/wp\/v2\/pages\/10662\/revisions"}],"predecessor-version":[{"id":10697,"href":"https:\/\/www.bymar-park.com\/ca\/wp-json\/wp\/v2\/pages\/10662\/revisions\/10697"}],"wp:attachment":[{"href":"https:\/\/www.bymar-park.com\/ca\/wp-json\/wp\/v2\/media?parent=10662"}],"curies":[{"name":"wp","href":"https:\/\/api.w.org\/{rel}","templated":true}]}}